{"id":2435,"date":"2023-02-15T16:26:19","date_gmt":"2023-02-15T13:26:19","guid":{"rendered":"https:\/\/wheretostayinathens.com\/seguridad\/"},"modified":"2025-01-29T15:34:22","modified_gmt":"2025-01-29T12:34:22","slug":"seguridad","status":"publish","type":"page","link":"https:\/\/wheretostayinathens.com\/es\/seguridad\/","title":{"rendered":"Seguridad"},"content":{"rendered":"<!--themify_builder_content-->\n<div id=\"themify_builder_content-2435\" data-postid=\"2435\" class=\"themify_builder_content themify_builder_content-2435 themify_builder tf_clear\">\n                    <div  data-lazy=\"1\" class=\"module_row themify_builder_row tb_o4ay891 tb_first tf_w\">\n                        <div class=\"row_inner col_align_top tb_col_count_1 tf_box tf_rel\">\n                        <div  data-lazy=\"1\" class=\"module_column tb-column col-full tb_4tq0891 first\">\n                            <div  data-lazy=\"1\" class=\"module_subrow themify_builder_sub_row tf_w col_align_top tb_col_count_1 tb_qgzd410\">\n                <div  data-lazy=\"1\" class=\"module_column sub_column col-full tb_kcwb410 first\">\n                    <!-- module fancy heading -->\n<div  class=\"module module-fancy-heading tb_cr3z543 \" data-lazy=\"1\">\n        <h1 class=\"fancy-heading tf_textc\">\n    <span class=\"main-head tf_block\">\n                    Seguridad            <\/span>\n\n    \n    <span class=\"sub-head tf_block tf_rel\">\n                                <\/span>\n    <\/h1>\n<\/div>\n<!-- \/module fancy heading -->\n        <\/div>\n                    <\/div>\n                <\/div>\n                        <\/div>\n        <\/div>\n                        <div  data-lazy=\"1\" class=\"module_row themify_builder_row tb_4p5d463 tf_w\">\n                        <div class=\"row_inner col_align_top tb_col_count_1 tf_box tf_rel\">\n                        <div  data-lazy=\"1\" class=\"module_column tb-column col-full tb_2exc464 first\">\n                            <div  data-lazy=\"1\" class=\"module_subrow themify_builder_sub_row tf_w col_align_top tb_col_count_1 tb_iw8a464\">\n                <div  data-lazy=\"1\" class=\"module_column sub_column col-full tb_6l52464 first\">\n                    <!-- module text -->\n<div  class=\"module module-text tb_trtn464   \" data-lazy=\"1\">\n        <div  class=\"tb_text_wrap\">\n        <p><span style=\"font-weight: 400;\">Como en la mayor\u00eda de los lugares del mundo, siempre es mejor evitar coger un taxi cualquiera de la calle. Por tanto, te recomiendo encarecidamente   <\/span><b><span style=\"color: #e8311f;\">reserva tu recogida con antelaci\u00f3n<\/span> <\/b><span style=\"font-weight: 400;\">utilizando <\/span><a href=\"https:\/\/bnb.welcomepickups.com\/property_groups\/5545\/\"><b style=\"color: #e8311f;\">este enlace<\/b><\/a><span style=\"font-weight: 400;\"> con tarifas muy competitivas<\/span><a href=\"https:\/\/bnb.welcomepickups.com\/property_groups\/5545\/\"><span style=\"color: #e8311f;\"> Recogidas Bienvenida<\/span><\/a> <b><span style=\"color: #e8311f;\">desde\/hasta el aeropuerto, los puertos y las estaciones de autob\u00fas\/tren<\/span> <\/b><span style=\"font-weight: 400;\">de Atenas <\/span> <\/p>\n<p> <\/p>\n<p><span style=\"font-weight: 400;\">En general, Atenas es una gran ciudad con<\/span><b> <span style=\"color: #e8311f;\">m\u00e1s de 4 millones<\/span><\/b><span style=\"font-weight: 400;\"> de habitantes.<\/span><\/p>\n<p><span style=\"font-weight: 400;\">La ciudad es un<\/span><b> <span style=\"color: #e8311f;\">centro regional<\/span> <\/b><span style=\"font-weight: 400;\">del sureste de Europa y de la zona oriental del Mediterr\u00e1neo, y su puerto, El Pireo, es el mayor del mar Mediterr\u00e1neo.<\/span><\/p>\n<p><span style=\"font-weight: 400;\">Adem\u00e1s, es el <\/span><b style=\"color: #e8311f;\">centro de inmigraci\u00f3n y refugiados<\/b><span style=\"font-weight: 400;\"> procedentes de pa\u00edses pobres de los Balcanes, Asia y \u00c1frica, que desean trasladarse a la Uni\u00f3n Europea.<\/span><\/p>\n<p><span style=\"font-weight: 400;\">Adem\u00e1s, Grecia a\u00fan no se ha recuperado totalmente de la <\/span><b style=\"color: #e8311f;\">crisis financiera mundial de 2008<\/b><span style=\"font-weight: 400;\">.<\/span><\/p>\n<p> <\/p>\n<p><span style=\"font-weight: 400;\">Como consecuencia de todo lo anterior, ya que Atenas es un <\/span><b style=\"color: #e8311f;\">destino tur\u00edstico muy popular<\/b><span style=\"font-weight: 400;\">existe un grave problema de PICK-POCKETING, dirigido especialmente a los turistas.<\/span><\/p>\n<p><span style=\"font-weight: 400;\">Ten en cuenta que esos matones son muy h\u00e1biles y tienen como objetivo carteras, c\u00e1maras, tel\u00e9fonos m\u00f3viles y otros objetos de valor, aunque si los mantienes a salvo (no en mochilas, bolsillos traseros, etc.).<\/span><\/p>\n<p> <\/p>\n<p><span style=\"font-weight: 400;\">Pista:<\/span><\/p>\n<p><span style=\"font-weight: 400;\">Los griegos est\u00e1n muy dispuestos a ayudar a los extranjeros. Sin embargo, s\u00f3lo si se lo pides, ya que somos de trato f\u00e1cil y no nos gusta que nos presionen, as\u00ed que no presionamos a la gente. <\/span><\/p>\n<p><span style=\"font-weight: 400;\">Por tanto, una persona que se muestra insistente e importuna para ayudarte, es m\u00e1s bien sospechosa.  <\/span><\/p>\n<p> <\/p>\n<p><span style=\"font-weight: 400;\">Consejo extra:  <\/span><\/p>\n<p><span style=\"font-weight: 400;\">En caso de que necesites guardar tu equipaje, te recomiendo <\/span><a href=\"https:\/\/radicalstorage.com\/?acc=eddb904a6db773755d2857aacadb1cb0\"><span style=\"font-weight: 400;\">Almac\u00e9n Radical <\/span><\/a><span style=\"font-weight: 400;\">que puedes reservar directamente utilizando<\/span> <a href=\"https:\/\/radicalstorage.com\/luggage-storage\/athens?acc=eddb904a6db773755d2857aacadb1cb0\"><b>este enlace<\/b><\/a><span style=\"font-weight: 400;\">.<\/span><\/p>    <\/div>\n<\/div>\n<!-- \/module text -->        <\/div>\n                    <\/div>\n                <\/div>\n                        <\/div>\n        <\/div>\n        <\/div>\n<!--\/themify_builder_content--><p><\/p>","protected":false},"excerpt":{"rendered":"<p>Seguridad Como en la mayor\u00eda de los lugares del mundo, siempre es mejor evitar coger un taxi cualquiera de la calle. Por lo tanto, te recomiendo encarecidamente que reserves tu recogida con antelaci\u00f3n utilizando este enlace con tarifas muy competitivas de Welcome Pickups desde\/hasta el aeropuerto, los puertos y las estaciones de autob\u00fas\/tren de Atenas [&hellip;]<\/p>\n","protected":false},"author":2,"featured_media":0,"parent":0,"menu_order":0,"comment_status":"closed","ping_status":"closed","template":"","meta":{"footnotes":""},"class_list":["post-2435","page","type-page","status-publish","hentry","has-post-title","has-post-date","has-post-category","has-post-tag","has-post-comment","has-post-author",""],"builder_content":"<h1>Seguridad<br\/><\/h1>\n<p>Como en la mayor\u00eda de los lugares del mundo, siempre es mejor evitar coger un taxi cualquiera de la calle. Por tanto, te recomiendo encarecidamente <b>reserva tu recogida con antelaci\u00f3n <\/b>utilizando <a href=\"https:\/\/bnb.welcomepickups.com\/property_groups\/5545\/\"><b style=\"color: #e8311f;\">este enlace<\/b><\/a> con tarifas muy competitivas<a href=\"https:\/\/bnb.welcomepickups.com\/property_groups\/5545\/\"> Recogidas Bienvenida<\/a> <b>desde\/hasta el aeropuerto, los puertos y las estaciones de autob\u00fas\/tren <\/b>de Atenas <\/p> <p> <\/p> <p>En general, Atenas es una gran ciudad con<b> m\u00e1s de 4 millones<\/b> de habitantes.<\/p> <p>La ciudad es un<b> centro regional <\/b>del sureste de Europa y de la zona oriental del Mediterr\u00e1neo, y su puerto, El Pireo, es el mayor del mar Mediterr\u00e1neo.<\/p> <p>Adem\u00e1s, es el <b style=\"color: #e8311f;\">centro de inmigraci\u00f3n y refugiados<\/b> procedentes de pa\u00edses pobres de los Balcanes, Asia y \u00c1frica, que desean trasladarse a la Uni\u00f3n Europea.<\/p> <p>Adem\u00e1s, Grecia a\u00fan no se ha recuperado totalmente de la <b style=\"color: #e8311f;\">crisis financiera mundial de 2008<\/b>.<\/p> <p> <\/p> <p>Como consecuencia de todo lo anterior, ya que Atenas es un <b style=\"color: #e8311f;\">destino tur\u00edstico muy popular<\/b>existe un grave problema de PICK-POCKETING, dirigido especialmente a los turistas.<\/p> <p>Ten en cuenta que esos matones son muy h\u00e1biles y tienen como objetivo carteras, c\u00e1maras, tel\u00e9fonos m\u00f3viles y otros objetos de valor, aunque si los mantienes a salvo (no en mochilas, bolsillos traseros, etc.).<\/p> <p> <\/p> <p>Pista:<\/p> <p>Los griegos est\u00e1n muy dispuestos a ayudar a los extranjeros. Sin embargo, s\u00f3lo si se lo pides, ya que somos de trato f\u00e1cil y no nos gusta que nos presionen, as\u00ed que no presionamos a la gente. <\/p> <p>Por tanto, una persona que se muestra insistente e importuna para ayudarte, es m\u00e1s bien sospechosa. <\/p> <p> <\/p> <p>Consejo extra: <\/p> <p>En caso de que necesites guardar tu equipaje, te recomiendo <a href=\"https:\/\/radicalstorage.com\/?acc=eddb904a6db773755d2857aacadb1cb0\">Almac\u00e9n Radical <\/a>que puedes reservar directamente utilizando <a href=\"https:\/\/radicalstorage.com\/luggage-storage\/athens?acc=eddb904a6db773755d2857aacadb1cb0\"><b>este enlace<\/b><\/a>.<\/p>","_links":{"self":[{"href":"https:\/\/wheretostayinathens.com\/es\/wp-json\/wp\/v2\/pages\/2435","targetHints":{"allow":["GET"]}}],"collection":[{"href":"https:\/\/wheretostayinathens.com\/es\/wp-json\/wp\/v2\/pages"}],"about":[{"href":"https:\/\/wheretostayinathens.com\/es\/wp-json\/wp\/v2\/types\/page"}],"author":[{"embeddable":true,"href":"https:\/\/wheretostayinathens.com\/es\/wp-json\/wp\/v2\/users\/2"}],"replies":[{"embeddable":true,"href":"https:\/\/wheretostayinathens.com\/es\/wp-json\/wp\/v2\/comments?post=2435"}],"version-history":[{"count":15,"href":"https:\/\/wheretostayinathens.com\/es\/wp-json\/wp\/v2\/pages\/2435\/revisions"}],"predecessor-version":[{"id":2513,"href":"https:\/\/wheretostayinathens.com\/es\/wp-json\/wp\/v2\/pages\/2435\/revisions\/2513"}],"wp:attachment":[{"href":"https:\/\/wheretostayinathens.com\/es\/wp-json\/wp\/v2\/media?parent=2435"}],"curies":[{"name":"wp","href":"https:\/\/api.w.org\/{rel}","templated":true}]}}