{"id":2443,"date":"2023-01-31T16:54:30","date_gmt":"2023-01-31T13:54:30","guid":{"rendered":"https:\/\/wheretostayinathens.com\/viaja-por-ahi\/"},"modified":"2025-01-29T15:34:23","modified_gmt":"2025-01-29T12:34:23","slug":"viaja-por-ahi","status":"publish","type":"page","link":"https:\/\/wheretostayinathens.com\/es\/viaja-por-ahi\/","title":{"rendered":"Viaja por ah\u00ed"},"content":{"rendered":"<!--themify_builder_content-->\n<div id=\"themify_builder_content-2443\" data-postid=\"2443\" class=\"themify_builder_content themify_builder_content-2443 themify_builder tf_clear\">\n                    <div  data-lazy=\"1\" class=\"module_row themify_builder_row tb_1dtm655 tb_first tf_w\">\n                        <div class=\"row_inner col_align_top tb_col_count_1 tf_box tf_rel\">\n                        <div  data-lazy=\"1\" class=\"module_column tb-column col-full tb_je68656 first\">\n                    <!-- module fancy heading -->\n<div  class=\"module module-fancy-heading tb_tzev18  tb_hide_divider\" data-lazy=\"1\">\n        <h2 class=\"fancy-heading\">\n    <span class=\"main-head tf_block\">\n                    VIAJAR POR EL MUNDO            <\/span>\n\n    \n    <span class=\"sub-head tf_block tf_rel\">\n                                <\/span>\n    <\/h2>\n<\/div>\n<!-- \/module fancy heading -->\n<!-- module text -->\n<div  class=\"module module-text tb_z6a4401   \" data-lazy=\"1\">\n        <div  class=\"tb_text_wrap\">\n        <p><span style=\"font-weight: 400;\">Atenas es una ciudad fascinante, pero tambi\u00e9n puedes explorar lugares incre\u00edbles en sus alrededores.<\/span><\/p>\n<p><span style=\"font-weight: 400;\">Desde <strong style=\"color: #e8311f;\">Olimpia<\/strong>, cuna de los Juegos Ol\u00edmpicos, hasta el templo <strong style=\"color: #e8311f;\">de Sounio<\/strong> y sus incre\u00edbles puestas de sol.<\/span><\/p>\n<p><span style=\"font-weight: 400;\">Desde <strong style=\"color: #e8311f;\">Micenas<\/strong>, la primera civilizaci\u00f3n continental avanzada de Europa, hasta <strong style=\"color: #e8311f;\">Delfos<\/strong>, el centro cultural de los antiguos griegos.<\/span><\/p>\n<p><span style=\"font-weight: 400;\">Desde <strong style=\"color: #e8311f;\">Meteora<\/strong>, las impresionantes \u00abmonta\u00f1as colgantes\u00bb, hasta la \u00abriviera\u00bb ateniense: pasando por las pintorescas islas de <strong style=\"color: #e8311f;\">Egina<\/strong>, <strong style=\"color: #e8311f;\">Hidra<\/strong> y muchas m\u00e1s.<\/span><\/p>    <\/div>\n<\/div>\n<!-- \/module text -->        <\/div>\n                        <\/div>\n        <\/div>\n                        <div  data-lazy=\"1\" class=\"module_row themify_builder_row tb_jrpg587 tf_w\">\n                        <div class=\"row_inner col_align_top tb_col_count_1 tf_box tf_rel\">\n                        <div  data-lazy=\"1\" class=\"module_column tb-column col-full tb_o1pe587 first\">\n                    <!-- module plain text -->\n<div  class=\"module module-plain-text tb_lp77831 \" data-lazy=\"1\">\n        <div class=\"tb_text_wrap\">\n    <div data-gyg-href=\"https:\/\/widget.getyourguide.com\/default\/city.frame\" data-gyg-location-id=\"116\" data-gyg-locale-code=\"en-US\" data-gyg-widget=\"city\" data-gyg-partner-id=\"CJYYLB6\"><\/div>    <\/div>\n<\/div>\n<!-- \/module plain text --><!-- module plain text -->\n<div  class=\"module module-plain-text tb_0tk385 \" data-lazy=\"1\">\n        <div class=\"tb_text_wrap\">\n    <div data-gyg-href=\"https:\/\/widget.getyourguide.com\/default\/city.frame\" data-gyg-location-id=\"799\" data-gyg-locale-code=\"en-US\" data-gyg-widget=\"city\" data-gyg-partner-id=\"CJYYLB6\"><\/div>    <\/div>\n<\/div>\n<!-- \/module plain text --><!-- module plain text -->\n<div  class=\"module module-plain-text tb_o30b720 \" data-lazy=\"1\">\n        <div class=\"tb_text_wrap\">\n    <div data-gyg-href=\"https:\/\/widget.getyourguide.com\/default\/city.frame\" data-gyg-location-id=\"121\" data-gyg-locale-code=\"en-US\" data-gyg-widget=\"city\" data-gyg-partner-id=\"CJYYLB6\"><\/div>    <\/div>\n<\/div>\n<!-- \/module plain text --><!-- module plain text -->\n<div  class=\"module module-plain-text tb_1h5f318 \" data-lazy=\"1\">\n        <div class=\"tb_text_wrap\">\n    <div data-gyg-href=\"https:\/\/widget.getyourguide.com\/default\/city.frame\" data-gyg-location-id=\"15524\" data-gyg-locale-code=\"en-US\" data-gyg-widget=\"city\" data-gyg-partner-id=\"CJYYLB6\"><\/div>    <\/div>\n<\/div>\n<!-- \/module plain text --><!-- module plain text -->\n<div  class=\"module module-plain-text tb_l9oy442 \" data-lazy=\"1\">\n        <div class=\"tb_text_wrap\">\n    <div data-gyg-href=\"https:\/\/widget.getyourguide.com\/default\/city.frame\" data-gyg-location-id=\"120\" data-gyg-locale-code=\"en-US\" data-gyg-widget=\"city\" data-gyg-partner-id=\"CJYYLB6\"><\/div>    <\/div>\n<\/div>\n<!-- \/module plain text --><!-- module plain text -->\n<div  class=\"module module-plain-text tb_3za584 \" data-lazy=\"1\">\n        <div class=\"tb_text_wrap\">\n    <div data-gyg-href=\"https:\/\/widget.getyourguide.com\/default\/city.frame\" data-gyg-location-id=\"34846\" data-gyg-locale-code=\"en-US\" data-gyg-widget=\"city\" data-gyg-partner-id=\"CJYYLB6\"><\/div>    <\/div>\n<\/div>\n<!-- \/module plain text -->        <\/div>\n                        <\/div>\n        <\/div>\n                        <div  data-lazy=\"1\" class=\"module_row themify_builder_row tb_a6bs818 tf_w\">\n                        <div class=\"row_inner col_align_top tb_col_count_1 tf_box tf_rel\">\n                        <div  data-lazy=\"1\" class=\"module_column tb-column col-full tb_l94v818 first\">\n                    <!-- module divider -->\n<div  class=\"module tf_mw module-divider tb_mnz6818 solid   \" style=\"border-width: 2px;border-color: #e8311f;margin-top: 20px;margin-bottom: 20px;\" data-lazy=\"1\">\n    <\/div>\n<!-- \/module divider -->\n        <\/div>\n                        <\/div>\n        <\/div>\n                        <div  data-lazy=\"1\" class=\"module_row themify_builder_row tb_yabj774 tf_w\">\n                        <div class=\"row_inner col_align_top tb_col_count_1 tf_box tf_rel\">\n                        <div  data-lazy=\"1\" class=\"module_column tb-column col-full tb_hg3j774 first\">\n                    <!-- module text -->\n<div  class=\"module module-text tb_k0ql597   \" data-lazy=\"1\">\n        <div  class=\"tb_text_wrap\">\n        <h6><span style=\"font-weight: 400;\">Si prefieres visitar algunas de los cientos de hermosas islas griegas, te sugerimos que <\/span><span style=\"color: #e8311f;\">reserves tu billete<\/span><span style=\"font-weight: 400;\"> con antelaci\u00f3n: <br><\/span> <\/h6>    <\/div>\n<\/div>\n<!-- \/module text -->        <\/div>\n                        <\/div>\n        <\/div>\n                        <div  data-lazy=\"1\" class=\"module_row themify_builder_row tb_nxcn729 tf_w\">\n                        <div class=\"row_inner col_align_top tb_col_count_1 tf_box tf_rel\">\n                        <div  data-lazy=\"1\" class=\"module_column tb-column col-full tb_by94730 first\">\n                            <div  data-lazy=\"1\" class=\"module_subrow themify_builder_sub_row tf_w col_align_top tb_col_count_1 tb_ne52730\">\n                <div  data-lazy=\"1\" class=\"module_column sub_column col-full tb_pvj1730 first\">\n                    <!-- module text -->\n<div  class=\"module module-text tb_g4rc730   \" data-lazy=\"1\">\n        <div  class=\"tb_text_wrap\">\n        <h3 style=\"text-align: center;\"><strong>Reserva aqu\u00ed tus billetes de ferry  <\/strong><\/h3>    <\/div>\n<\/div>\n<!-- \/module text -->        <\/div>\n                    <\/div>\n        <!-- module buttons -->\n<div  class=\"module module-buttons tb_8krx730 buttons-horizontal solid  large squared\" data-lazy=\"1\">\n        <div class=\"module-buttons-item tf_in_flx\">\n                        <a href=\"https:\/\/www.ferryscanner.com\/en\/ferry?ref=orestismatsoukas&#038;utm_source=orestismatsoukas&#038;utm_campaign=Ferryscanner+affiliate+program+EN\" class=\"ui builder_button tf_in_flx red\" target=\"_blank\" rel=\"noopener\">\n                                    <em><svg  class=\"tf_fa tf-la-ship-solid\" aria-hidden=\"true\"><use href=\"#tf-la-ship-solid\"><\/use><\/svg><\/em>                                        Comprar entradas                                        <\/a>\n                <\/div>\n            <\/div>\n<!-- \/module buttons -->\n        <\/div>\n                        <\/div>\n        <\/div>\n                        <div  data-lazy=\"1\" class=\"module_row themify_builder_row tb_0m7i571 tf_w\">\n                        <div class=\"row_inner col_align_top tb_col_count_1 tf_box tf_rel\">\n                        <div  data-lazy=\"1\" class=\"module_column tb-column col-full tb_7msw571 first\">\n                    <!-- module divider -->\n<div  class=\"module tf_mw module-divider tb_akkh571 solid   \" style=\"border-width: 2px;border-color: #e8311f;margin-top: 20px;margin-bottom: 20px;\" data-lazy=\"1\">\n    <\/div>\n<!-- \/module divider -->\n        <\/div>\n                        <\/div>\n        <\/div>\n        <\/div>\n<!--\/themify_builder_content--><p><\/p>","protected":false},"excerpt":{"rendered":"<p>VIAJAR POR EL MUNDO Atenas es una ciudad fascinante, pero tambi\u00e9n puedes explorar lugares incre\u00edbles en sus alrededores. Desde Olimpia, cuna de los Juegos Ol\u00edmpicos, hasta el templo de Sounio y sus incre\u00edbles puestas de sol. Desde Micenas, la primera civilizaci\u00f3n continental avanzada de Europa, hasta Delfos, el centro cultural de los antiguos griegos. Desde [&hellip;]<\/p>\n","protected":false},"author":2,"featured_media":0,"parent":0,"menu_order":0,"comment_status":"closed","ping_status":"closed","template":"","meta":{"footnotes":""},"class_list":["post-2443","page","type-page","status-publish","hentry","has-post-title","has-post-date","has-post-category","has-post-tag","has-post-comment","has-post-author",""],"builder_content":"<h2>VIAJAR POR EL MUNDO<br\/><\/h2>\n<p>Atenas es una ciudad fascinante, pero tambi\u00e9n puedes explorar lugares incre\u00edbles en sus alrededores.<\/p> <p>Desde <strong style=\"color: #e8311f;\">Olimpia<\/strong>, cuna de los Juegos Ol\u00edmpicos, hasta el templo <strong style=\"color: #e8311f;\">de Sounio<\/strong> y sus incre\u00edbles puestas de sol.<\/p> <p>Desde <strong style=\"color: #e8311f;\">Micenas<\/strong>, la primera civilizaci\u00f3n continental avanzada de Europa, hasta <strong style=\"color: #e8311f;\">Delfos<\/strong>, el centro cultural de los antiguos griegos.<\/p> <p>Desde <strong style=\"color: #e8311f;\">Meteora<\/strong>, las impresionantes \"monta\u00f1as colgantes\", hasta la \"riviera\" ateniense: pasando por las pintorescas islas de <strong style=\"color: #e8311f;\">Egina<\/strong>, <strong style=\"color: #e8311f;\">Hidra<\/strong> y muchas m\u00e1s.<\/p>\n\n\n\n\n\n\n\n<h6>Si prefieres visitar algunas de los cientos de hermosas islas griegas, te sugerimos que reserves tu billete con antelaci\u00f3n: <br> <\/h6>\n<h3 style=\"text-align: center;\"><strong>Reserva aqu\u00ed tus billetes de ferry <\/strong><\/h3>\n<a href=\"https:\/\/www.ferryscanner.com\/en\/ferry?ref=orestismatsoukas&#038;utm_source=orestismatsoukas&#038;utm_campaign=Ferryscanner+affiliate+program+EN\" target=\"_blank\" rel=\"noopener\"> <em><svg aria-hidden=\"true\"><use href=\"#tf-la-ship-solid\"><\/use><\/svg><\/em> Comprar entradas <\/a>\n","_links":{"self":[{"href":"https:\/\/wheretostayinathens.com\/es\/wp-json\/wp\/v2\/pages\/2443","targetHints":{"allow":["GET"]}}],"collection":[{"href":"https:\/\/wheretostayinathens.com\/es\/wp-json\/wp\/v2\/pages"}],"about":[{"href":"https:\/\/wheretostayinathens.com\/es\/wp-json\/wp\/v2\/types\/page"}],"author":[{"embeddable":true,"href":"https:\/\/wheretostayinathens.com\/es\/wp-json\/wp\/v2\/users\/2"}],"replies":[{"embeddable":true,"href":"https:\/\/wheretostayinathens.com\/es\/wp-json\/wp\/v2\/comments?post=2443"}],"version-history":[{"count":12,"href":"https:\/\/wheretostayinathens.com\/es\/wp-json\/wp\/v2\/pages\/2443\/revisions"}],"predecessor-version":[{"id":2530,"href":"https:\/\/wheretostayinathens.com\/es\/wp-json\/wp\/v2\/pages\/2443\/revisions\/2530"}],"wp:attachment":[{"href":"https:\/\/wheretostayinathens.com\/es\/wp-json\/wp\/v2\/media?parent=2443"}],"curies":[{"name":"wp","href":"https:\/\/api.w.org\/{rel}","templated":true}]}}