{"id":2454,"date":"2023-02-16T11:51:32","date_gmt":"2023-02-16T08:51:32","guid":{"rendered":"https:\/\/wheretostayinathens.com\/vida-nocturna\/"},"modified":"2025-01-29T15:34:22","modified_gmt":"2025-01-29T12:34:22","slug":"vida-nocturna","status":"publish","type":"page","link":"https:\/\/wheretostayinathens.com\/es\/vida-nocturna\/","title":{"rendered":"Vida nocturna"},"content":{"rendered":"<!--themify_builder_content-->\n<div id=\"themify_builder_content-2454\" data-postid=\"2454\" class=\"themify_builder_content themify_builder_content-2454 themify_builder tf_clear\">\n                    <div  data-lazy=\"1\" class=\"module_row themify_builder_row tb_hmnw354 tb_first tf_w\">\n                        <div class=\"row_inner col_align_top tb_col_count_1 tf_box tf_rel\">\n                        <div  data-lazy=\"1\" class=\"module_column tb-column col-full tb_ygjy355 first\">\n                    <!-- module fancy heading -->\n<div  class=\"module module-fancy-heading tb_bu0b467 \" data-lazy=\"1\">\n        <h1 class=\"fancy-heading\">\n    <span class=\"main-head tf_block\">\n                    Vida nocturna              <\/span>\n\n    \n    <span class=\"sub-head tf_block tf_rel\">\n                                <\/span>\n    <\/h1>\n<\/div>\n<!-- \/module fancy heading -->\n        <\/div>\n                        <\/div>\n        <\/div>\n                        <div  data-lazy=\"1\" class=\"module_row themify_builder_row tb_yv04719 tf_w\">\n                        <div class=\"row_inner col_align_top tb_col_count_1 tf_box tf_rel\">\n                        <div  data-lazy=\"1\" class=\"module_column tb-column col-full tb_ab1g720 first\">\n                    <!-- module text -->\n<div  class=\"module module-text tb_uvyh393   \" data-lazy=\"1\">\n        <div  class=\"tb_text_wrap\">\n        <p><span style=\"font-weight: 400;\">La vida nocturna de Atenas es pluralista y ofrece muchas opciones a sus habitantes y hu\u00e9spedes. Hay muchos bares, restaurantes y caf\u00e9s (normalmente la combinaci\u00f3n de los tres), sobre todo en las zonas de   <\/span><b><span style=\"color: #e8311f;\">Psyrri<\/span> <\/b><span style=\"font-weight: 400;\">(quiz\u00e1s la mejor opci\u00f3n),  <\/span><b><span style=\"color: #e8311f;\">Plaka<\/span> <\/b><span style=\"font-weight: 400;\">(la ciudad vieja),  <\/span><b><span style=\"color: #e8311f;\">Gazi<\/span> <\/b><span style=\"font-weight: 400;\">(mayoritariamente de la corriente dominante),  <\/span><b><span style=\"color: #e8311f;\">Exarchia<\/span> <\/b><span style=\"font-weight: 400;\">(alternativa como centro anarquista),  <\/span><b><span style=\"color: #e8311f;\">Kolonaki<\/span> <\/b><span style=\"font-weight: 400;\">(la zona pija), y en general las zonas alrededor de las plazas de  <\/span><b style=\"color: #e8311f;\">Monastiraki<\/b><span style=\"font-weight: 400;\">,  <\/span><b><span style=\"color: #e8311f;\">Sintagma<\/span> <\/b><span style=\"font-weight: 400;\">y  <\/span><span style=\"color: #e8311f;\"><b>Agia Irini<\/b><span style=\"font-weight: 400;\">.<\/span><\/span><\/p>\n<p><span style=\"font-weight: 400;\">Todas ellas son zonas con numerosos lugares para disfrutar y todos ellos a poca distancia de nuestros <\/span><a href=\"https:\/\/wheretostayinathens.com\/es\/apartamentos\/\"><span style=\"font-weight: 400;\">apartamentos<\/span><\/a><span style=\"font-weight: 400;\">\u00a1!<\/span><\/p>\n<p><span style=\"font-weight: 400;\">Tambi\u00e9n hay grandes opciones costeras en  <\/span><b style=\"color: #e8311f;\">Glyfada<\/b><span style=\"font-weight: 400;\">, Marina  <\/span><b style=\"color: #e8311f;\">Flisvos<\/b><span style=\"font-weight: 400;\">,  <\/span><b><span style=\"color: #e8311f;\">Mikrolimano<\/span> <\/b><span style=\"font-weight: 400;\">Marina  <\/span><b style=\"color: #e8311f;\">Zeas<\/b><span style=\"font-weight: 400;\">as\u00ed como otras opciones como en  <\/span><b style=\"color: #e8311f;\">Chalandri<\/b><span style=\"font-weight: 400;\">,  <\/span><b style=\"color: #e8311f;\">Kifissia<\/b><span style=\"font-weight: 400;\">,  <\/span><b><span style=\"color: #e8311f;\">Nea<\/span> <span style=\"color: #e8311f;\">Smyrni<\/span><\/b> <span style=\"font-weight: 400;\"> y <\/span><b style=\"color: #e8311f;\">Peristeri<\/b><span style=\"font-weight: 400;\">la mayor\u00eda con f\u00e1cil acceso en metro desde nuestros apartamentos.<\/span><\/p>\n<p><span style=\"font-weight: 400;\">Dondequiera que decidas ir, no dejes de probar <\/span><b><span style=\"color: #e8311f;\">c\u00f3cteles<\/span> <\/b><span style=\"font-weight: 400;\">que contengan <\/span><b style=\"color: #e8311f;\">ingredientes griegos<\/b><span style=\"font-weight: 400;\">como el lentisco, como mencion\u00e9 en la p\u00e1gina con <\/span><a href=\"https:\/\/wheretostayinathens.com\/es\/consejos-y-sugerencias\/\"><span style=\"font-weight: 400;\">Consejos y sugerencias<\/span><\/a><span style=\"font-weight: 400;\">y, por supuesto, la gran variedad de maravillosos vinos griegos <\/span><b style=\"color: #e8311f;\">vinos griegos<\/b><span style=\"font-weight: 400;\">.<\/span><\/p>\n<p><span style=\"font-weight: 400;\">Ten en cuenta que casi todos los transportes p\u00fablicos no funcionan despu\u00e9s de medianoche.<\/span><\/p>\n<p><span style=\"font-weight: 400;\">Hay algunas sugerencias que puedes reservar para pasar noches a\u00fan m\u00e1s estupendas.<\/span><\/p>    <\/div>\n<\/div>\n<!-- \/module text -->        <\/div>\n                        <\/div>\n        <\/div>\n                        <div  data-lazy=\"1\" class=\"module_row themify_builder_row tb_d70e275 tf_w\">\n                        <div class=\"row_inner col_align_top tb_col_count_1 tf_box tf_rel\">\n                        <div  data-lazy=\"1\" class=\"module_column tb-column col-full tb_2alm275 first\">\n                    <!-- module plain text -->\n<div  class=\"module module-plain-text tb_8car503 \" data-lazy=\"1\">\n        <div class=\"tb_text_wrap\">\n    <div data-gyg-href=\"https:\/\/widget.getyourguide.com\/default\/activities.frame\" data-gyg-locale-code=\"en-US\" data-gyg-widget=\"activities\" data-gyg-number-of-items=\"4\" data-gyg-partner-id=\"CJYYLB6\" data-gyg-tour-ids=\"191690,185958,18859,129420\"><\/div>    <\/div>\n<\/div>\n<!-- \/module plain text -->        <\/div>\n                        <\/div>\n        <\/div>\n                        <div  data-lazy=\"1\" class=\"module_row themify_builder_row tb_s6wm445 tf_w\">\n                        <div class=\"row_inner col_align_top tb_col_count_1 tf_box tf_rel\">\n                        <div  data-lazy=\"1\" class=\"module_column tb-column col-full tb_7q52446 first\">\n                    <!-- module plain text -->\n<div  class=\"module module-plain-text tb_yda673 \" data-lazy=\"1\">\n        <div class=\"tb_text_wrap\">\n    <div data-gyg-href=\"https:\/\/widget.getyourguide.com\/default\/activities.frame\" data-gyg-locale-code=\"en-US\" data-gyg-widget=\"activities\" data-gyg-number-of-items=\"4\" data-gyg-partner-id=\"CJYYLB6\" data-gyg-tour-ids=\"147096,430669,104699,431536\"><\/div>    <\/div>\n<\/div>\n<!-- \/module plain text -->        <\/div>\n                        <\/div>\n        <\/div>\n                        <div  data-lazy=\"1\" class=\"module_row themify_builder_row tb_mzvw567 tf_w\">\n                        <div class=\"row_inner col_align_top tb_col_count_1 tf_box tf_rel\">\n                        <div  data-lazy=\"1\" class=\"module_column tb-column col-full tb_2j8g568 first\">\n                    <!-- module divider -->\n<div  class=\"module tf_mw module-divider tb_7g7t568 solid   \" style=\"border-width: 2px;border-color: #ff0000;\" data-lazy=\"1\">\n    <\/div>\n<!-- \/module divider -->\n        <\/div>\n                        <\/div>\n        <\/div>\n        <\/div>\n<!--\/themify_builder_content--><p><\/p>","protected":false},"excerpt":{"rendered":"<p>Vida nocturna La vida nocturna de Atenas es pluralista y ofrece muchas opciones a sus habitantes y hu\u00e9spedes. Hay muchos bares, restaurantes y caf\u00e9s (normalmente la combinaci\u00f3n de los tres), sobre todo en las zonas de Psyrri (quiz\u00e1 la mejor opci\u00f3n), Plaka (la ciudad vieja), Gazi (mayoritariamente mainstream), Exarchia (alternativa como centro anarquista), Kolonaki (la [&hellip;]<\/p>\n","protected":false},"author":2,"featured_media":0,"parent":0,"menu_order":0,"comment_status":"closed","ping_status":"closed","template":"","meta":{"footnotes":""},"class_list":["post-2454","page","type-page","status-publish","hentry","has-post-title","has-post-date","has-post-category","has-post-tag","has-post-comment","has-post-author",""],"builder_content":"<h1>Vida nocturna <br\/><\/h1>\n<p>La vida nocturna de Atenas es pluralista y ofrece muchas opciones a sus habitantes y hu\u00e9spedes. Hay muchos bares, restaurantes y caf\u00e9s (normalmente la combinaci\u00f3n de los tres), sobre todo en las zonas de <b>Psyrri <\/b>(quiz\u00e1s la mejor opci\u00f3n), <b>Plaka <\/b>(la ciudad vieja), <b>Gazi <\/b>(mayoritariamente de la corriente dominante), <b>Exarchia <\/b>(alternativa como centro anarquista), <b>Kolonaki <\/b>(la zona pija), y en general las zonas alrededor de las plazas de <b style=\"color: #e8311f;\">Monastiraki<\/b>, <b>Sintagma <\/b>y <b>Agia Irini<\/b>.<\/p> <p>Todas ellas son zonas con numerosos lugares para disfrutar y todos ellos a poca distancia de nuestros <a href=\"https:\/\/wheretostayinathens.com\/es\/apartamentos\/\">apartamentos<\/a>\u00a1!<\/p> <p>Tambi\u00e9n hay grandes opciones costeras en <b style=\"color: #e8311f;\">Glyfada<\/b>, Marina <b style=\"color: #e8311f;\">Flisvos<\/b>, <b>Mikrolimano <\/b>Marina <b style=\"color: #e8311f;\">Zeas<\/b>as\u00ed como otras opciones como en <b style=\"color: #e8311f;\">Chalandri<\/b>, <b style=\"color: #e8311f;\">Kifissia<\/b>, <b>Nea Smyrni<\/b> y <b style=\"color: #e8311f;\">Peristeri<\/b>la mayor\u00eda con f\u00e1cil acceso en metro desde nuestros apartamentos.<\/p> <p>Dondequiera que decidas ir, no dejes de probar <b>c\u00f3cteles <\/b>que contengan <b style=\"color: #e8311f;\">ingredientes griegos<\/b>como el lentisco, como mencion\u00e9 en la p\u00e1gina con <a href=\"https:\/\/wheretostayinathens.com\/es\/consejos-y-sugerencias\/\">Consejos y sugerencias<\/a>y, por supuesto, la gran variedad de maravillosos vinos griegos <b style=\"color: #e8311f;\">vinos griegos<\/b>.<\/p> <p>Ten en cuenta que casi todos los transportes p\u00fablicos no funcionan despu\u00e9s de medianoche.<\/p> <p>Hay algunas sugerencias que puedes reservar para pasar noches a\u00fan m\u00e1s estupendas.<\/p>\n\n\n","_links":{"self":[{"href":"https:\/\/wheretostayinathens.com\/es\/wp-json\/wp\/v2\/pages\/2454","targetHints":{"allow":["GET"]}}],"collection":[{"href":"https:\/\/wheretostayinathens.com\/es\/wp-json\/wp\/v2\/pages"}],"about":[{"href":"https:\/\/wheretostayinathens.com\/es\/wp-json\/wp\/v2\/types\/page"}],"author":[{"embeddable":true,"href":"https:\/\/wheretostayinathens.com\/es\/wp-json\/wp\/v2\/users\/2"}],"replies":[{"embeddable":true,"href":"https:\/\/wheretostayinathens.com\/es\/wp-json\/wp\/v2\/comments?post=2454"}],"version-history":[{"count":9,"href":"https:\/\/wheretostayinathens.com\/es\/wp-json\/wp\/v2\/pages\/2454\/revisions"}],"predecessor-version":[{"id":2515,"href":"https:\/\/wheretostayinathens.com\/es\/wp-json\/wp\/v2\/pages\/2454\/revisions\/2515"}],"wp:attachment":[{"href":"https:\/\/wheretostayinathens.com\/es\/wp-json\/wp\/v2\/media?parent=2454"}],"curies":[{"name":"wp","href":"https:\/\/api.w.org\/{rel}","templated":true}]}}