{"id":2534,"date":"2023-02-16T12:09:41","date_gmt":"2023-02-16T09:09:41","guid":{"rendered":"https:\/\/wheretostayinathens.com\/mitologia\/"},"modified":"2025-01-29T15:34:31","modified_gmt":"2025-01-29T12:34:31","slug":"mitologia","status":"publish","type":"page","link":"https:\/\/wheretostayinathens.com\/es\/mitologia\/","title":{"rendered":"Mitolog\u00eda"},"content":{"rendered":"<!--themify_builder_content-->\n<div id=\"themify_builder_content-2534\" data-postid=\"2534\" class=\"themify_builder_content themify_builder_content-2534 themify_builder tf_clear\">\n                    <div  data-lazy=\"1\" class=\"module_row themify_builder_row tb_xio8635 tb_first tf_w\">\n                        <div class=\"row_inner col_align_top tb_col_count_1 tf_box tf_rel\">\n                        <div  data-lazy=\"1\" class=\"module_column tb-column col-full tb_r69u635 first\">\n                    <!-- module fancy heading -->\n<div  class=\"module module-fancy-heading tb_ekpy540 \" data-lazy=\"1\">\n        <h1 class=\"fancy-heading\">\n    <span class=\"main-head tf_block\">\n                    Mitolog\u00eda            <\/span>\n\n    \n    <span class=\"sub-head tf_block tf_rel\">\n                                <\/span>\n    <\/h1>\n<\/div>\n<!-- \/module fancy heading -->\n        <\/div>\n                        <\/div>\n        <\/div>\n                        <div  data-lazy=\"1\" class=\"module_row themify_builder_row tb_pha0716 tf_w\">\n                        <div class=\"row_inner col_align_top tb_col_count_1 tf_box tf_rel\">\n                        <div  data-lazy=\"1\" class=\"module_column tb-column col-full tb_8ld2717 first\">\n                    <!-- module text -->\n<div  class=\"module module-text tb_w7o779   \" data-lazy=\"1\">\n        <div  class=\"tb_text_wrap\">\n        <p><span style=\"font-weight: 400;\">Seg\u00fan el mito, Atenas debe su nombre a la hija predilecta de Zeus, <\/span><b style=\"color: #e8311f;\">Atenea<\/b><span style=\"font-weight: 400;\">la diosa de la Sabidur\u00eda, la Estrategia y la Guerra Limpia (opuesta a su brutal hermano Ares\/Marte).<\/span><\/p>\n<p><span style=\"font-weight: 400;\">Gan\u00f3 el duelo contra <\/span><b style=\"color: #e8311f;\">Poseid\u00f3n<\/b><span style=\"font-weight: 400;\">ofreciendo el <\/span><b style=\"color: #e8311f;\">olivo<\/b><span style=\"font-weight: 400;\"> a los atenienses (\u00a1por tanto, el primer olivo ha sido dado por Dios a Atenas!) en la Acr\u00f3polis.<\/span><\/p>\n<p><span style=\"font-weight: 400;\">Entre la Acr\u00f3polis y el \u00c1gora, se encuentra el<\/span><b> <span style=\"color: #e8311f;\">Santuario de Pan<\/span><\/b><span style=\"font-weight: 400;\">el dios medio-cabr\u00edo que pasaba el tiempo con ninfas y pastores, bebiendo vino y tocando la flauta, pues fue su inventor. <\/span> <span style=\"font-weight: 400;\"><br><\/span><b><span style=\"color: #e8311f;\">Centauros<\/span> <\/b><span style=\"font-weight: 400;\">se enteraron e invadieron. Pan se puso tan furioso que les aterroriz\u00f3 tanto que les entr\u00f3&#8230; \u00a1p\u00e1nico! <\/span><\/p>\n<p><span style=\"font-weight: 400;\">Justo debajo de la Acr\u00f3polis, en <\/span><b style=\"color: #e8311f;\">Areios Pagos<\/b><span style=\"font-weight: 400;\"> (traducido como \u00abColina de Ares\/Marte\u00bb), <\/span><b><span style=\"color: #e8311f;\">Ares<\/span> <\/b><span style=\"font-weight: 400;\">fue juzgado junto con <\/span><b><span style=\"color: #e8311f;\">Zeus<\/span> <\/b> <span style=\"font-weight: 400;\">como Juez. Los atenienses utilizaron el lugar como su Tribunal de Justicia, el primero de la Historia, en el que los ciudadanos se enfrentaban -\u00a1a menudo utilizando a fil\u00f3sofos sofistas como \u00ababogados\u00bb ante un gran grupo de jurados! <\/span><\/p>\n<p><span style=\"font-weight: 400;\">Junto a Areios Pagos, se encuentra la<\/span><b> <span style=\"color: #e8311f;\">Colina de Filopappos<\/span><\/b><span style=\"font-weight: 400;\">que consiste en la colina de las <\/span><b><span style=\"color: #e8311f;\">Musas<\/span> <\/b><span style=\"font-weight: 400;\">y la colina de las <\/span><b style=\"color: #e8311f;\">Ninfas<\/b><span style=\"font-weight: 400;\">. Between those two, there is the ancient parliament of   <\/span><b style=\"color: #e8311f;\">Pnyx<\/b><span style=\"font-weight: 400;\">y cerca, la prisi\u00f3n de <\/span><b style=\"color: #e8311f;\">S\u00f3crates<\/b><span style=\"font-weight: 400;\">.<\/span><\/p>\n<p><span style=\"font-weight: 400;\">M\u00e1s sobre Historia puedes <\/span><a href=\"https:\/\/wheretostayinathens.com\/history\/\"><b>encontrar aqu\u00ed <\/b><\/a><span style=\"font-weight: 400;\">aunque.<\/span><\/p>\n<p><span style=\"font-weight: 400;\">Atenas tiene muchos mitos como esos.<\/span><\/p>\n<p><span style=\"font-weight: 400;\">\u00a1Reserva cualquiera de las siguientes experiencias para vivir tu mito en Atenas!<\/span><\/p>    <\/div>\n<\/div>\n<!-- \/module text -->        <\/div>\n                        <\/div>\n        <\/div>\n                        <div  data-lazy=\"1\" class=\"module_row themify_builder_row tb_kw8l323 tf_w\">\n                        <div class=\"row_inner col_align_top tb_col_count_1 tf_box tf_rel\">\n                        <div  data-lazy=\"1\" class=\"module_column tb-column col-full tb_esun323 first\">\n                    <!-- module plain text -->\n<div  class=\"module module-plain-text tb_07ry858 \" data-lazy=\"1\">\n        <div class=\"tb_text_wrap\">\n    <div data-vi-partner-id=\"P00083927\" data-vi-language=\"en\" data-vi-currency=\"EUR\" data-vi-partner-type=\"AFFILIATE\" data-vi-url=\"6956P11,129232P3,210563P6,46332P11,46332P21,182671P14\" data-vi-widget-ref=\"W-02ab6992-447d-48d0-8403-c9b52e59df26\"><\/div>\n<script async=\"\" src=\"https:\/\/www.viator.com\/orion\/partner\/widget.js\"><\/script>\n    <\/div>\n<\/div>\n<!-- \/module plain text -->        <\/div>\n                        <\/div>\n        <\/div>\n                        <div  data-lazy=\"1\" class=\"module_row themify_builder_row tb_1dau157 tf_w\">\n                        <div class=\"row_inner col_align_top tb_col_count_1 tf_box tf_rel\">\n                        <div  data-lazy=\"1\" class=\"module_column tb-column col-full tb_95pz158 first\">\n                    <!-- module divider -->\n<div  class=\"module tf_mw module-divider tb_r435158 solid   \" style=\"border-width: 2px;border-color: #ff0000;\" data-lazy=\"1\">\n    <\/div>\n<!-- \/module divider -->\n        <\/div>\n                        <\/div>\n        <\/div>\n        <\/div>\n<!--\/themify_builder_content--><p><\/p>","protected":false},"excerpt":{"rendered":"<p>Mitolog\u00eda Seg\u00fan el mito, Atenas debe su nombre a la hija predilecta de Zeus, Atenea, diosa de la Sabidur\u00eda, la Estrategia y la Guerra Limpia (opuesta a su brutal hermano Ares\/Marte). Gan\u00f3 el duelo contra Poseid\u00f3n, ofreciendo el olivo a los atenienses (\u00a1por tanto, el primer olivo ha sido dado por Dios a Atenas!) en [&hellip;]<\/p>\n","protected":false},"author":2,"featured_media":0,"parent":0,"menu_order":0,"comment_status":"closed","ping_status":"closed","template":"","meta":{"footnotes":""},"class_list":["post-2534","page","type-page","status-publish","hentry","has-post-title","has-post-date","has-post-category","has-post-tag","has-post-comment","has-post-author",""],"builder_content":"<h1>Mitolog\u00eda<br\/><\/h1>\n<p>Seg\u00fan el mito, Atenas debe su nombre a la hija predilecta de Zeus, <b style=\"color: #e8311f;\">Atenea<\/b>la diosa de la Sabidur\u00eda, la Estrategia y la Guerra Limpia (opuesta a su brutal hermano Ares\/Marte).<\/p> <p>Gan\u00f3 el duelo contra <b style=\"color: #e8311f;\">Poseid\u00f3n<\/b>ofreciendo el <b style=\"color: #e8311f;\">olivo<\/b> a los atenienses (\u00a1por tanto, el primer olivo ha sido dado por Dios a Atenas!) en la Acr\u00f3polis.<\/p> <p>Entre la Acr\u00f3polis y el \u00c1gora, se encuentra el<b> Santuario de Pan<\/b>el dios medio-cabr\u00edo que pasaba el tiempo con ninfas y pastores, bebiendo vino y tocando la flauta, pues fue su inventor. <br><b>Centauros <\/b>se enteraron e invadieron. Pan se puso tan furioso que les aterroriz\u00f3 tanto que les entr\u00f3... \u00a1p\u00e1nico! <\/p> <p>Justo debajo de la Acr\u00f3polis, en <b style=\"color: #e8311f;\">Areios Pagos<\/b> (traducido como \"Colina de Ares\/Marte\"), <b>Ares <\/b>fue juzgado junto con <b>Zeus <\/b> como Juez. Los atenienses utilizaron el lugar como su Tribunal de Justicia, el primero de la Historia, en el que los ciudadanos se enfrentaban -\u00a1a menudo utilizando a fil\u00f3sofos sofistas como \"abogados\" ante un gran grupo de jurados! <\/p> <p>Junto a Areios Pagos, se encuentra la<b> Colina de Filopappos<\/b>que consiste en la colina de las <b>Musas <\/b>y la colina de las <b style=\"color: #e8311f;\">Ninfas<\/b>. Between those two, there is the ancient parliament of <b style=\"color: #e8311f;\">Pnyx<\/b>y cerca, la prisi\u00f3n de <b style=\"color: #e8311f;\">S\u00f3crates<\/b>.<\/p> <p>M\u00e1s sobre Historia puedes <a href=\"https:\/\/wheretostayinathens.com\/history\/\"><b>encontrar aqu\u00ed <\/b><\/a>aunque.<\/p> <p>Atenas tiene muchos mitos como esos.<\/p> <p>\u00a1Reserva cualquiera de las siguientes experiencias para vivir tu mito en Atenas!<\/p>\n\n","_links":{"self":[{"href":"https:\/\/wheretostayinathens.com\/es\/wp-json\/wp\/v2\/pages\/2534","targetHints":{"allow":["GET"]}}],"collection":[{"href":"https:\/\/wheretostayinathens.com\/es\/wp-json\/wp\/v2\/pages"}],"about":[{"href":"https:\/\/wheretostayinathens.com\/es\/wp-json\/wp\/v2\/types\/page"}],"author":[{"embeddable":true,"href":"https:\/\/wheretostayinathens.com\/es\/wp-json\/wp\/v2\/users\/2"}],"replies":[{"embeddable":true,"href":"https:\/\/wheretostayinathens.com\/es\/wp-json\/wp\/v2\/comments?post=2534"}],"version-history":[{"count":12,"href":"https:\/\/wheretostayinathens.com\/es\/wp-json\/wp\/v2\/pages\/2534\/revisions"}],"predecessor-version":[{"id":2564,"href":"https:\/\/wheretostayinathens.com\/es\/wp-json\/wp\/v2\/pages\/2534\/revisions\/2564"}],"wp:attachment":[{"href":"https:\/\/wheretostayinathens.com\/es\/wp-json\/wp\/v2\/media?parent=2534"}],"curies":[{"name":"wp","href":"https:\/\/api.w.org\/{rel}","templated":true}]}}