{"id":2545,"date":"2023-02-16T12:27:29","date_gmt":"2023-02-16T09:27:29","guid":{"rendered":"https:\/\/wheretostayinathens.com\/cultura\/"},"modified":"2025-01-29T15:34:31","modified_gmt":"2025-01-29T12:34:31","slug":"cultura","status":"publish","type":"page","link":"https:\/\/wheretostayinathens.com\/es\/cultura\/","title":{"rendered":"Cultura"},"content":{"rendered":"<!--themify_builder_content-->\n<div id=\"themify_builder_content-2545\" data-postid=\"2545\" class=\"themify_builder_content themify_builder_content-2545 themify_builder tf_clear\">\n                    <div  data-lazy=\"1\" class=\"module_row themify_builder_row tb_sx44507 tb_first tf_w\">\n                        <div class=\"row_inner col_align_top tb_col_count_1 tf_box tf_rel\">\n                        <div  data-lazy=\"1\" class=\"module_column tb-column col-full tb_mptq508 first\">\n                    <!-- module fancy heading -->\n<div  class=\"module module-fancy-heading tb_888u988 \" data-lazy=\"1\">\n        <h1 class=\"fancy-heading\">\n    <span class=\"main-head tf_block\">\n                    Cultura            <\/span>\n\n    \n    <span class=\"sub-head tf_block tf_rel\">\n                                <\/span>\n    <\/h1>\n<\/div>\n<!-- \/module fancy heading -->\n        <\/div>\n                        <\/div>\n        <\/div>\n                        <div  data-lazy=\"1\" class=\"module_row themify_builder_row tb_5c7h36 tf_w\">\n                        <div class=\"row_inner col_align_top tb_col_count_1 tf_box tf_rel\">\n                        <div  data-lazy=\"1\" class=\"module_column tb-column col-full tb_peih37 first\">\n                    <!-- module text -->\n<div  class=\"module module-text tb_v45f420   \" data-lazy=\"1\">\n        <div  class=\"tb_text_wrap\">\n        <p><span style=\"font-weight: 400;\">Desde la Edad de Bronce, los griegos establecieron colonias por todo el Mediterr\u00e1neo y el Mar Negro y, m\u00e1s tarde, en las profundidades de Asia.  <\/span><\/p>\n<p><span style=\"font-weight: 400;\">Cientos de ciudades como Empuries en  <\/span><b style=\"color: #e8311f;\">Espa\u00f1a<\/b><span style=\"font-weight: 400;\">, Marsella y Niza en  <\/span><b style=\"color: #e8311f;\">Francia<\/b><span style=\"font-weight: 400;\">, Siracusa, N\u00e1poles, Regio, Taranto en  <\/span><b style=\"color: #e8311f;\">Italia<\/b><span style=\"font-weight: 400;\">, Cirene en  <\/span><b style=\"color: #e8311f;\">Libia<\/b><span style=\"font-weight: 400;\">, Cherson en  <\/span><b style=\"color: #e8311f;\">Ucrania<\/b><span style=\"font-weight: 400;\">Rostov en  <\/span><b style=\"color: #e8311f;\">Rusia<\/b><span style=\"font-weight: 400;\">Durres y Vlorre en  <\/span><b style=\"color: #e8311f;\">Albania<\/b><span style=\"font-weight: 400;\">,, Sujumi en  <\/span><b style=\"color: #e8311f;\">Georgia<\/b><span style=\"font-weight: 400;\">Split y Hvar en  <\/span><b style=\"color: #e8311f;\">Croacia<\/b><span style=\"font-weight: 400;\">, Costanta en  <\/span><b style=\"color: #e8311f;\">Ruman\u00eda<\/b><span style=\"font-weight: 400;\">, Varna y Plovdiv en  <\/span><b style=\"color: #e8311f;\">Bulgaria<\/b><span style=\"font-weight: 400;\">, \u00c9feso, Esmirna, Estambul, Gal\u00edpoli y muchos otros en  <\/span><b style=\"color: #e8311f;\">Turqu\u00eda<\/b><span style=\"font-weight: 400;\">.<\/span><\/p>\n<p><span style=\"font-weight: 400;\">Tras las conquistas de Alejandro, se fundaron nuevas ciudades hel\u00e9nicas como Antioqu\u00eda en <\/span><b style=\"color: #e8311f;\">Siria<\/b><span style=\"font-weight: 400;\">, Alejandr\u00eda en <\/span><b style=\"color: #e8311f;\">Egipto<\/b><span style=\"font-weight: 400;\">, Seleucia en <\/span><b><span style=\"color: #e8311f;\">Irak<\/span> <\/b><span style=\"font-weight: 400;\">e incluso Kandahar en <\/span><b style=\"color: #e8311f;\">Afganist\u00e1n<\/b><span style=\"font-weight: 400;\">creando una civilizaci\u00f3n helen\u00edstica unificada.<\/span><\/p>\n<p><span style=\"font-weight: 400;\">Tras las conquistas romanas y la divisi\u00f3n del Imperio, el Imperio Romano de Oriente (tambi\u00e9n conocido como Bizantino) se heleniz\u00f3 y cristianiz\u00f3 predominantemente, ocupando los Balcanes, Anatolia, Levante, as\u00ed como partes de Italia, Crimea y Egipto.<\/span><\/p>\n<p><span style=\"font-weight: 400;\">Sin embargo, las m\u00faltiples conquistas de \u00e1rabes, normandos, francos, venecianos, genoveses, catalanes, eslavos, turcos, t\u00e1rtaros, etc. acabaron con la creciente expansi\u00f3n cultural griega, insertando sin embargo nuevos elementos.<\/span><\/p>\n<p><b style=\"color: #e8311f;\">Atenas<\/b><span style=\"font-weight: 400;\">, como centro del mundo griego moderno, ha sido inclusiva de todos los rasgos culturales, nuevos y antiguos, que podemos detectar f\u00e1cilmente en la comida, la arquitectura y el estilo de vida. <\/span> <\/p>\n<p><span style=\"font-weight: 400;\">Para participar en la vers\u00e1til cultura griega moderna, hemos seleccionado para ti algunas experiencias interesantes:  <\/span><\/p>    <\/div>\n<\/div>\n<!-- \/module text -->        <\/div>\n                        <\/div>\n        <\/div>\n                        <div  data-lazy=\"1\" class=\"module_row themify_builder_row tb_hw43404 tf_w\">\n                        <div class=\"row_inner col_align_top tb_col_count_1 tf_box tf_rel\">\n                        <div  data-lazy=\"1\" class=\"module_column tb-column col-full tb_pivk404 first\">\n                    <!-- module plain text -->\n<div  class=\"module module-plain-text tb_lzmm434 \" data-lazy=\"1\">\n        <div class=\"tb_text_wrap\">\n    <div data-vi-partner-id=\"P00083927\" data-vi-language=\"en\" data-vi-currency=\"EUR\" data-vi-partner-type=\"AFFILIATE\" data-vi-url=\"6956STREETART,25951P4,108524P1,2906P48,6357P172,108524P3,203428P1,65609P7,165820P6,76654P61,108524P2,75909P344\" data-vi-widget-ref=\"W-dcd70e31-b114-4909-bb8b-023e0fa0a74e\"><\/div>\n<script async=\"\" src=\"https:\/\/www.viator.com\/orion\/partner\/widget.js\"><\/script>\n    <\/div>\n<\/div>\n<!-- \/module plain text -->        <\/div>\n                        <\/div>\n        <\/div>\n                        <div  data-lazy=\"1\" class=\"module_row themify_builder_row tb_42je208 tf_w\">\n                        <div class=\"row_inner col_align_top tb_col_count_1 tf_box tf_rel\">\n                        <div  data-lazy=\"1\" class=\"module_column tb-column col-full tb_mqaw209 first\">\n                    <!-- module divider -->\n<div  class=\"module tf_mw module-divider tb_54jb209 solid   \" style=\"border-width: 2px;border-color: #ff0000;\" data-lazy=\"1\">\n    <\/div>\n<!-- \/module divider -->\n        <\/div>\n                        <\/div>\n        <\/div>\n        <\/div>\n<!--\/themify_builder_content--><p><\/p>","protected":false},"excerpt":{"rendered":"<p>Cultura Desde la Edad de Bronce, los griegos establecieron colonias por todo el Mediterr\u00e1neo y el Mar Negro y, m\u00e1s tarde, en las profundidades de Asia. Cientos de ciudades como Emp\u00faries en Espa\u00f1a, Marsella y Niza en Francia, Siracusa, N\u00e1poles, Regio, Tarento en Italia, Cirene en Libia, Cherson en Ucrania, Rostov en Rusia, Durres y [&hellip;]<\/p>\n","protected":false},"author":2,"featured_media":0,"parent":0,"menu_order":0,"comment_status":"closed","ping_status":"closed","template":"","meta":{"footnotes":""},"class_list":["post-2545","page","type-page","status-publish","hentry","has-post-title","has-post-date","has-post-category","has-post-tag","has-post-comment","has-post-author",""],"builder_content":"<h1>Cultura<br\/><\/h1>\n<p>Desde la Edad de Bronce, los griegos establecieron colonias por todo el Mediterr\u00e1neo y el Mar Negro y, m\u00e1s tarde, en las profundidades de Asia. <\/p> <p>Cientos de ciudades como Empuries en <b style=\"color: #e8311f;\">Espa\u00f1a<\/b>, Marsella y Niza en <b style=\"color: #e8311f;\">Francia<\/b>, Siracusa, N\u00e1poles, Regio, Taranto en <b style=\"color: #e8311f;\">Italia<\/b>, Cirene en <b style=\"color: #e8311f;\">Libia<\/b>, Cherson en <b style=\"color: #e8311f;\">Ucrania<\/b>Rostov en <b style=\"color: #e8311f;\">Rusia<\/b>Durres y Vlorre en <b style=\"color: #e8311f;\">Albania<\/b>,, Sujumi en <b style=\"color: #e8311f;\">Georgia<\/b>Split y Hvar en <b style=\"color: #e8311f;\">Croacia<\/b>, Costanta en <b style=\"color: #e8311f;\">Ruman\u00eda<\/b>, Varna y Plovdiv en <b style=\"color: #e8311f;\">Bulgaria<\/b>, \u00c9feso, Esmirna, Estambul, Gal\u00edpoli y muchos otros en <b style=\"color: #e8311f;\">Turqu\u00eda<\/b>.<\/p> <p>Tras las conquistas de Alejandro, se fundaron nuevas ciudades hel\u00e9nicas como Antioqu\u00eda en <b style=\"color: #e8311f;\">Siria<\/b>, Alejandr\u00eda en <b style=\"color: #e8311f;\">Egipto<\/b>, Seleucia en <b>Irak <\/b>e incluso Kandahar en <b style=\"color: #e8311f;\">Afganist\u00e1n<\/b>creando una civilizaci\u00f3n helen\u00edstica unificada.<\/p> <p>Tras las conquistas romanas y la divisi\u00f3n del Imperio, el Imperio Romano de Oriente (tambi\u00e9n conocido como Bizantino) se heleniz\u00f3 y cristianiz\u00f3 predominantemente, ocupando los Balcanes, Anatolia, Levante, as\u00ed como partes de Italia, Crimea y Egipto.<\/p> <p>Sin embargo, las m\u00faltiples conquistas de \u00e1rabes, normandos, francos, venecianos, genoveses, catalanes, eslavos, turcos, t\u00e1rtaros, etc. acabaron con la creciente expansi\u00f3n cultural griega, insertando sin embargo nuevos elementos.<\/p> <p><b style=\"color: #e8311f;\">Atenas<\/b>, como centro del mundo griego moderno, ha sido inclusiva de todos los rasgos culturales, nuevos y antiguos, que podemos detectar f\u00e1cilmente en la comida, la arquitectura y el estilo de vida. <\/p> <p>Para participar en la vers\u00e1til cultura griega moderna, hemos seleccionado para ti algunas experiencias interesantes: <\/p>\n\n","_links":{"self":[{"href":"https:\/\/wheretostayinathens.com\/es\/wp-json\/wp\/v2\/pages\/2545","targetHints":{"allow":["GET"]}}],"collection":[{"href":"https:\/\/wheretostayinathens.com\/es\/wp-json\/wp\/v2\/pages"}],"about":[{"href":"https:\/\/wheretostayinathens.com\/es\/wp-json\/wp\/v2\/types\/page"}],"author":[{"embeddable":true,"href":"https:\/\/wheretostayinathens.com\/es\/wp-json\/wp\/v2\/users\/2"}],"replies":[{"embeddable":true,"href":"https:\/\/wheretostayinathens.com\/es\/wp-json\/wp\/v2\/comments?post=2545"}],"version-history":[{"count":6,"href":"https:\/\/wheretostayinathens.com\/es\/wp-json\/wp\/v2\/pages\/2545\/revisions"}],"predecessor-version":[{"id":2566,"href":"https:\/\/wheretostayinathens.com\/es\/wp-json\/wp\/v2\/pages\/2545\/revisions\/2566"}],"wp:attachment":[{"href":"https:\/\/wheretostayinathens.com\/es\/wp-json\/wp\/v2\/media?parent=2545"}],"curies":[{"name":"wp","href":"https:\/\/api.w.org\/{rel}","templated":true}]}}