{"id":2591,"date":"2023-02-16T11:55:00","date_gmt":"2023-02-16T08:55:00","guid":{"rendered":"https:\/\/wheretostayinathens.com\/historia\/"},"modified":"2025-01-29T16:08:38","modified_gmt":"2025-01-29T13:08:38","slug":"historia","status":"publish","type":"page","link":"https:\/\/wheretostayinathens.com\/es\/historia\/","title":{"rendered":"Historia"},"content":{"rendered":"<!--themify_builder_content-->\n<div id=\"themify_builder_content-2591\" data-postid=\"2591\" class=\"themify_builder_content themify_builder_content-2591 themify_builder tf_clear\">\n                    <div  data-lazy=\"1\" class=\"module_row themify_builder_row tb_g92h805 tb_first tf_w\">\n                        <div class=\"row_inner col_align_top tb_col_count_1 tf_box tf_rel\">\n                        <div  data-lazy=\"1\" class=\"module_column tb-column col-full tb_cbfj806 first\">\n                    <!-- module fancy heading -->\n<div  class=\"module module-fancy-heading tb_96tj301 \" data-lazy=\"1\">\n        <h1 class=\"fancy-heading\">\n    <span class=\"main-head tf_block\">\n                    Historia            <\/span>\n\n    \n    <span class=\"sub-head tf_block tf_rel\">\n                                <\/span>\n    <\/h1>\n<\/div>\n<!-- \/module fancy heading -->\n        <\/div>\n                        <\/div>\n        <\/div>\n                        <div  data-lazy=\"1\" class=\"module_row themify_builder_row tb_wwpx427 tf_w\">\n                        <div class=\"row_inner col_align_top tb_col_count_1 tf_box tf_rel\">\n                        <div  data-lazy=\"1\" class=\"module_column tb-column col-full tb_vvkh427 first\">\n                    <!-- module text -->\n<div  class=\"module module-text tb_6ip6270   \" data-lazy=\"1\">\n        <div  class=\"tb_text_wrap\">\n        <p><span style=\"font-weight: 400;\">Grecia tiene una historia de m\u00e1s de 5.000 a\u00f1os, ordenada cronol\u00f3gicamente como  <\/span><b><span style=\"color: #e8311f;\">Helladic<\/span> <\/b><span style=\"font-weight: 400;\">y  <\/span><b><span style=\"color: #e8311f;\">C\u00edcladas<\/span> <\/b><span style=\"font-weight: 400;\">periodos,  <\/span><b><span style=\"color: #e8311f;\">Arcaico<\/span> <\/b><span style=\"font-weight: 400;\">y  <\/span><b style=\"color: #e8311f;\">Cl\u00e1sico<\/b><span style=\"font-weight: 400;\">,  <\/span><b><span style=\"color: #e8311f;\">Helen\u00edstica<\/span> <\/b><span style=\"font-weight: 400;\">y  <\/span><b style=\"color: #e8311f;\">Romano<\/b><span style=\"font-weight: 400;\">,  <\/span><b><span style=\"color: #e8311f;\">Bizantino<\/span> <\/b><span style=\"font-weight: 400;\">y  <\/span><b><span style=\"color: #e8311f;\">Otomano<\/span> <\/b><span style=\"font-weight: 400;\">y, por \u00faltimo, el independiente moderno  <\/span><b style=\"color: #e8311f;\">Rep\u00fablica Hel\u00e9nica<\/b><span style=\"font-weight: 400;\">.  <\/span><\/p>\n<p><span style=\"font-weight: 400;\">Puedes ser testigo de todo ello en los innumerables<\/span><b> <span style=\"color: #e8311f;\">museos<\/span><\/b><span style=\"font-weight: 400;\"> y los numerosos <\/span><b style=\"color: #e8311f;\">lugares de inter\u00e9s<\/b><span style=\"font-weight: 400;\">. <\/span><span style=\"font-weight: 400;\">He seleccionado varias actividades para que veas todo lo posible.<\/span><\/p>\n<p><span style=\"font-weight: 400;\">Si quieres vivir la Historia, elige entre las sugerencias que te ofrecemos aqu\u00ed:<\/span><\/p>\n<p> <\/p>    <\/div>\n<\/div>\n<!-- \/module text -->        <\/div>\n                        <\/div>\n        <\/div>\n                        <div  data-lazy=\"1\" class=\"module_row themify_builder_row tb_5by7416 tf_w\">\n                        <div class=\"row_inner col_align_top tb_col_count_1 tf_box tf_rel\">\n                        <div  data-lazy=\"1\" class=\"module_column tb-column col-full tb_s2d3416 first\">\n                    <!-- module plain text -->\n<div  class=\"module module-plain-text tb_lk8q976 \" data-lazy=\"1\">\n        <div class=\"tb_text_wrap\">\n    <div data-vi-partner-id=\"P00083927\" data-vi-language=\"en\" data-vi-currency=\"EUR\" data-vi-partner-type=\"AFFILIATE\" data-vi-url=\"63145P75,313367P1,130768P14,139622P5,155534P9,59636P80,6956WALK,210563P12,210563P6\" data-vi-widget-ref=\"W-bb7572b3-a248-4c42-8f12-49796826f2d1\"><\/div>\n<script async=\"\" src=\"https:\/\/www.viator.com\/orion\/partner\/widget.js\"><\/script>    <\/div>\n<\/div>\n<!-- \/module plain text -->        <\/div>\n                        <\/div>\n        <\/div>\n                        <div  data-lazy=\"1\" class=\"module_row themify_builder_row tb_j0jy549 tf_w\">\n                        <div class=\"row_inner col_align_top tb_col_count_1 tf_box tf_rel\">\n                        <div  data-lazy=\"1\" class=\"module_column tb-column col-full tb_up5u549 first\">\n                    <!-- module text -->\n<div  class=\"module module-text tb_6n88352   \" data-lazy=\"1\">\n        <div  class=\"tb_text_wrap\">\n        <p><span style=\"font-weight: 400;\">Especialmente en lo que respecta a los museos, te recomiendo los que figuran a continuaci\u00f3n:<\/span><\/p>    <\/div>\n<\/div>\n<!-- \/module text -->        <\/div>\n                        <\/div>\n        <\/div>\n                        <div  data-lazy=\"1\" class=\"module_row themify_builder_row tb_c9sh975 tf_w\">\n                        <div class=\"row_inner col_align_top tb_col_count_1 tf_box tf_rel\">\n                        <div  data-lazy=\"1\" class=\"module_column tb-column col-full tb_yb1y976 first\">\n                    <!-- module plain text -->\n<div  class=\"module module-plain-text tb_kuqp686 \" data-lazy=\"1\">\n        <div class=\"tb_text_wrap\">\n    <div data-musement-widget=\"WF5F46\"><\/div>\n<script async=\"async\" src=\"https:\/\/widget.musement.com\/bootstrap.js\" id=\"m_widget_script\" type=\"text\/javascript\"><\/script>    <\/div>\n<\/div>\n<!-- \/module plain text -->        <\/div>\n                        <\/div>\n        <\/div>\n                        <div  data-lazy=\"1\" class=\"module_row themify_builder_row tb_uw4c249 tf_w\">\n                        <div class=\"row_inner col_align_top tb_col_count_1 tf_box tf_rel\">\n                        <div  data-lazy=\"1\" class=\"module_column tb-column col-full tb_2s9j250 first\">\n                    <!-- module divider -->\n<div  class=\"module tf_mw module-divider tb_47d0250 solid   \" style=\"border-width: 2px;border-color: #ff0000;\" data-lazy=\"1\">\n    <\/div>\n<!-- \/module divider -->\n        <\/div>\n                        <\/div>\n        <\/div>\n        <\/div>\n<!--\/themify_builder_content--><p><\/p>","protected":false},"excerpt":{"rendered":"<p>Historia Grecia tiene una historia de m\u00e1s de 5.000 a\u00f1os, ordenada cronol\u00f3gicamente en periodos hel\u00e1dico y cicl\u00e1dico , arcaico y cl\u00e1sico, helen\u00edstico y romano, bizantino y otomano y, por \u00faltimo, la moderna Rep\u00fablica Hel\u00e9nica independiente. Puedes ser testigo de todo ello en los innumerables museos y en los numerosos monumentos. He seleccionado varias actividades para [&hellip;]<\/p>\n","protected":false},"author":2,"featured_media":0,"parent":0,"menu_order":0,"comment_status":"closed","ping_status":"closed","template":"","meta":{"footnotes":""},"class_list":["post-2591","page","type-page","status-publish","hentry","has-post-title","has-post-date","has-post-category","has-post-tag","has-post-comment","has-post-author",""],"builder_content":"<h1>Historia<br\/><\/h1>\n<p>Grecia tiene una historia de m\u00e1s de 5.000 a\u00f1os, ordenada cronol\u00f3gicamente como <b>Helladic <\/b>y <b>C\u00edcladas <\/b>periodos, <b>Arcaico <\/b>y <b style=\"color: #e8311f;\">Cl\u00e1sico<\/b>, <b>Helen\u00edstica <\/b>y <b style=\"color: #e8311f;\">Romano<\/b>, <b>Bizantino <\/b>y <b>Otomano <\/b>y, por \u00faltimo, el independiente moderno <b style=\"color: #e8311f;\">Rep\u00fablica Hel\u00e9nica<\/b>. <\/p> <p>Puedes ser testigo de todo ello en los innumerables<b> museos<\/b> y los numerosos <b style=\"color: #e8311f;\">lugares de inter\u00e9s<\/b>. He seleccionado varias actividades para que veas todo lo posible.<\/p> <p>Si quieres vivir la Historia, elige entre las sugerencias que te ofrecemos aqu\u00ed:<\/p> <p> <\/p>\n\n<p>Especialmente en lo que respecta a los museos, te recomiendo los que figuran a continuaci\u00f3n:<\/p>\n\n","_links":{"self":[{"href":"https:\/\/wheretostayinathens.com\/es\/wp-json\/wp\/v2\/pages\/2591","targetHints":{"allow":["GET"]}}],"collection":[{"href":"https:\/\/wheretostayinathens.com\/es\/wp-json\/wp\/v2\/pages"}],"about":[{"href":"https:\/\/wheretostayinathens.com\/es\/wp-json\/wp\/v2\/types\/page"}],"author":[{"embeddable":true,"href":"https:\/\/wheretostayinathens.com\/es\/wp-json\/wp\/v2\/users\/2"}],"replies":[{"embeddable":true,"href":"https:\/\/wheretostayinathens.com\/es\/wp-json\/wp\/v2\/comments?post=2591"}],"version-history":[{"count":6,"href":"https:\/\/wheretostayinathens.com\/es\/wp-json\/wp\/v2\/pages\/2591\/revisions"}],"predecessor-version":[{"id":2605,"href":"https:\/\/wheretostayinathens.com\/es\/wp-json\/wp\/v2\/pages\/2591\/revisions\/2605"}],"wp:attachment":[{"href":"https:\/\/wheretostayinathens.com\/es\/wp-json\/wp\/v2\/media?parent=2591"}],"curies":[{"name":"wp","href":"https:\/\/api.w.org\/{rel}","templated":true}]}}