{"id":2068,"date":"2023-02-16T12:09:41","date_gmt":"2023-02-16T09:09:41","guid":{"rendered":"https:\/\/wheretostayinathens.com\/mythologie\/"},"modified":"2025-01-29T12:27:10","modified_gmt":"2025-01-29T09:27:10","slug":"mythologie","status":"publish","type":"page","link":"https:\/\/wheretostayinathens.com\/fr\/mythologie\/","title":{"rendered":"Mythologie"},"content":{"rendered":"<!--themify_builder_content-->\n<div id=\"themify_builder_content-2068\" data-postid=\"2068\" class=\"themify_builder_content themify_builder_content-2068 themify_builder tf_clear\">\n                    <div  data-lazy=\"1\" class=\"module_row themify_builder_row tb_xio8635 tb_first tf_w\">\n                        <div class=\"row_inner col_align_top tb_col_count_1 tf_box tf_rel\">\n                        <div  data-lazy=\"1\" class=\"module_column tb-column col-full tb_r69u635 first\">\n                    <!-- module fancy heading -->\n<div  class=\"module module-fancy-heading tb_ekpy540 \" data-lazy=\"1\">\n        <h1 class=\"fancy-heading\">\n    <span class=\"main-head tf_block\">\n                    Mythologie            <\/span>\n\n    \n    <span class=\"sub-head tf_block tf_rel\">\n                                <\/span>\n    <\/h1>\n<\/div>\n<!-- \/module fancy heading -->\n        <\/div>\n                        <\/div>\n        <\/div>\n                        <div  data-lazy=\"1\" class=\"module_row themify_builder_row tb_pha0716 tf_w\">\n                        <div class=\"row_inner col_align_top tb_col_count_1 tf_box tf_rel\">\n                        <div  data-lazy=\"1\" class=\"module_column tb-column col-full tb_8ld2717 first\">\n                    <!-- module text -->\n<div  class=\"module module-text tb_w7o779   \" data-lazy=\"1\">\n        <div  class=\"tb_text_wrap\">\n        <p><span style=\"font-weight: 400;\">Selon le mythe, Ath\u00e8nes doit son nom \u00e0 la fille pr\u00e9f\u00e9r\u00e9e de Zeus, <\/span><b style=\"color: #e8311f;\">Ath\u00e9na<\/b><span style=\"font-weight: 400;\">la d\u00e9esse de la sagesse, de la strat\u00e9gie et de la guerre juste (\u00e0 l&rsquo;oppos\u00e9 de son fr\u00e8re brutal Ar\u00e8s\/Mars).<\/span><\/p>\n<p><span style=\"font-weight: 400;\">Elle remporte le duel contre <\/span><b style=\"color: #e8311f;\">Pos\u00e9idon<\/b><span style=\"font-weight: 400;\">en offrant l <\/span><b style=\"color: #e8311f;\">olivier<\/b><span style=\"font-weight: 400;\"> aux Ath\u00e9niens (le premier olivier a donc \u00e9t\u00e9 donn\u00e9 par Dieu \u00e0 Ath\u00e8nes !) sur l&rsquo;Acropole.<\/span><\/p>\n<p><span style=\"font-weight: 400;\">Entre l&rsquo;Acropole et l&rsquo;Agora se trouve le<\/span><b> <span style=\"color: #e8311f;\">Sanctuaire de Pan<\/span><\/b><span style=\"font-weight: 400;\">le dieu mi-ch\u00e8vre qui fr\u00e9quentait les nymphes et les bergers, buvait du vin et jouait de la fl\u00fbte, dont il \u00e9tait l&rsquo;inventeur. <\/span> <span style=\"font-weight: 400;\"><br><\/span><b><span style=\"color: #e8311f;\">Centaures<\/span> <\/b><span style=\"font-weight: 400;\">l&rsquo;ont appris et l&rsquo;ont envahi. Pan \u00e9tait si furieux qu&rsquo;il les a terrifi\u00e9s au point qu&rsquo;ils ont eu&#8230; la panique ! <\/span><\/p>\n<p><span style=\"font-weight: 400;\">Juste en dessous de l&rsquo;Acropole, sur <\/span><b style=\"color: #e8311f;\">Areios Pagos<\/b><span style=\"font-weight: 400;\"> (traduit par \u00ab\u00a0colline d&rsquo;Ar\u00e8s\/Mars\u00a0\u00bb), <\/span><b><span style=\"color: #e8311f;\">Ar\u00e8s<\/span> <\/b><span style=\"font-weight: 400;\">fut jug\u00e9 avec <\/span><b><span style=\"color: #e8311f;\">Zeus<\/span> <\/b> <span style=\"font-weight: 400;\">en tant que juge. Les Ath\u00e9niens en firent leur cour de justice, la premi\u00e8re de l&rsquo;histoire, o\u00f9 les citoyens s&rsquo;affrontaient &#8211; souvent en utilisant des philosophes sophistes comme \u00ab\u00a0avocats\u00a0\u00bb devant un grand groupe de jur\u00e9s ! <\/span><\/p>\n<p><span style=\"font-weight: 400;\">\u00c0 c\u00f4t\u00e9 de l&rsquo;Areios Pagos, se trouve la<\/span><b> <span style=\"color: #e8311f;\">colline de Philopappos<\/span><\/b><span style=\"font-weight: 400;\">compos\u00e9e de la colline de <\/span><b><span style=\"color: #e8311f;\">Muses<\/span> <\/b><span style=\"font-weight: 400;\">et la colline des <\/span><b style=\"color: #e8311f;\">Nymphes<\/b><span style=\"font-weight: 400;\">. Between those two, there is the ancient parliament of   <\/span><b style=\"color: #e8311f;\">Pnyx<\/b><span style=\"font-weight: 400;\">et \u00e0 proximit\u00e9, la prison de <\/span><b style=\"color: #e8311f;\">Socrate<\/b><span style=\"font-weight: 400;\">.<\/span><\/p>\n<p><span style=\"font-weight: 400;\">Pour en savoir plus sur l&rsquo;histoire, vous pouvez <\/span><a href=\"https:\/\/wheretostayinathens.com\/history\/\"><b>trouver ici <\/b><\/a><span style=\"font-weight: 400;\">mais&#8230;<\/span><\/p>\n<p><span style=\"font-weight: 400;\">Ath\u00e8nes ne manque pas de mythes de ce genre.<\/span><\/p>\n<p><span style=\"font-weight: 400;\">R\u00e9servez l&rsquo;une des exp\u00e9riences ci-dessous pour vivre votre mythe \u00e0 Ath\u00e8nes !<\/span><\/p>    <\/div>\n<\/div>\n<!-- \/module text -->        <\/div>\n                        <\/div>\n        <\/div>\n                        <div  data-lazy=\"1\" class=\"module_row themify_builder_row tb_kw8l323 tf_w\">\n                        <div class=\"row_inner col_align_top tb_col_count_1 tf_box tf_rel\">\n                        <div  data-lazy=\"1\" class=\"module_column tb-column col-full tb_esun323 first\">\n                    <!-- module plain text -->\n<div  class=\"module module-plain-text tb_07ry858 \" data-lazy=\"1\">\n        <div class=\"tb_text_wrap\">\n    <div data-vi-partner-id=\"P00083927\" data-vi-language=\"en\" data-vi-currency=\"EUR\" data-vi-partner-type=\"AFFILIATE\" data-vi-url=\"6956P11,129232P3,210563P6,46332P11,46332P21,182671P14\" data-vi-widget-ref=\"W-02ab6992-447d-48d0-8403-c9b52e59df26\"><\/div>\n<script async=\"\" src=\"https:\/\/www.viator.com\/orion\/partner\/widget.js\"><\/script>\n    <\/div>\n<\/div>\n<!-- \/module plain text -->        <\/div>\n                        <\/div>\n        <\/div>\n                        <div  data-lazy=\"1\" class=\"module_row themify_builder_row tb_1dau157 tf_w\">\n                        <div class=\"row_inner col_align_top tb_col_count_1 tf_box tf_rel\">\n                        <div  data-lazy=\"1\" class=\"module_column tb-column col-full tb_95pz158 first\">\n                    <!-- module divider -->\n<div  class=\"module tf_mw module-divider tb_r435158 solid   \" style=\"border-width: 2px;border-color: #ff0000;\" data-lazy=\"1\">\n    <\/div>\n<!-- \/module divider -->\n        <\/div>\n                        <\/div>\n        <\/div>\n        <\/div>\n<!--\/themify_builder_content--><p><\/p>","protected":false},"excerpt":{"rendered":"<p>Mythologie Selon le mythe, Ath\u00e8nes doit son nom \u00e0 la fille pr\u00e9f\u00e9r\u00e9e de Zeus, Ath\u00e9na, d\u00e9esse de la sagesse, de la strat\u00e9gie et de la guerre juste (\u00e0 l&rsquo;oppos\u00e9 de son fr\u00e8re brutal Ar\u00e8s\/Mars). Elle a gagn\u00e9 le duel contre Pos\u00e9idon, offrant l&rsquo;olivier aux Ath\u00e9niens (le premier olivier a donc \u00e9t\u00e9 donn\u00e9 par Dieu \u00e0 [&hellip;]<\/p>\n","protected":false},"author":2,"featured_media":0,"parent":0,"menu_order":0,"comment_status":"closed","ping_status":"closed","template":"","meta":{"footnotes":""},"class_list":["post-2068","page","type-page","status-publish","hentry","has-post-title","has-post-date","has-post-category","has-post-tag","has-post-comment","has-post-author",""],"builder_content":"<h1>Mythologie<br\/><\/h1>\n<p>Selon le mythe, Ath\u00e8nes doit son nom \u00e0 la fille pr\u00e9f\u00e9r\u00e9e de Zeus, <b style=\"color: #e8311f;\">Ath\u00e9na<\/b>la d\u00e9esse de la sagesse, de la strat\u00e9gie et de la guerre juste (\u00e0 l'oppos\u00e9 de son fr\u00e8re brutal Ar\u00e8s\/Mars).<\/p> <p>Elle remporte le duel contre <b style=\"color: #e8311f;\">Pos\u00e9idon<\/b>en offrant l <b style=\"color: #e8311f;\">olivier<\/b> aux Ath\u00e9niens (le premier olivier a donc \u00e9t\u00e9 donn\u00e9 par Dieu \u00e0 Ath\u00e8nes !) sur l'Acropole.<\/p> <p>Entre l'Acropole et l'Agora se trouve le<b> Sanctuaire de Pan<\/b>le dieu mi-ch\u00e8vre qui fr\u00e9quentait les nymphes et les bergers, buvait du vin et jouait de la fl\u00fbte, dont il \u00e9tait l'inventeur. <br><b>Centaures <\/b>l'ont appris et l'ont envahi. Pan \u00e9tait si furieux qu'il les a terrifi\u00e9s au point qu'ils ont eu... la panique ! <\/p> <p>Juste en dessous de l'Acropole, sur <b style=\"color: #e8311f;\">Areios Pagos<\/b> (traduit par \"colline d'Ar\u00e8s\/Mars\"), <b>Ar\u00e8s <\/b>fut jug\u00e9 avec <b>Zeus <\/b> en tant que juge. Les Ath\u00e9niens en firent leur cour de justice, la premi\u00e8re de l'histoire, o\u00f9 les citoyens s'affrontaient - souvent en utilisant des philosophes sophistes comme \"avocats\" devant un grand groupe de jur\u00e9s ! <\/p> <p>\u00c0 c\u00f4t\u00e9 de l'Areios Pagos, se trouve la<b> colline de Philopappos<\/b>compos\u00e9e de la colline de <b>Muses <\/b>et la colline des <b style=\"color: #e8311f;\">Nymphes<\/b>. Between those two, there is the ancient parliament of <b style=\"color: #e8311f;\">Pnyx<\/b>et \u00e0 proximit\u00e9, la prison de <b style=\"color: #e8311f;\">Socrate<\/b>.<\/p> <p>Pour en savoir plus sur l'histoire, vous pouvez <a href=\"https:\/\/wheretostayinathens.com\/history\/\"><b>trouver ici <\/b><\/a>mais...<\/p> <p>Ath\u00e8nes ne manque pas de mythes de ce genre.<\/p> <p>R\u00e9servez l'une des exp\u00e9riences ci-dessous pour vivre votre mythe \u00e0 Ath\u00e8nes !<\/p>\n\n","_links":{"self":[{"href":"https:\/\/wheretostayinathens.com\/fr\/wp-json\/wp\/v2\/pages\/2068","targetHints":{"allow":["GET"]}}],"collection":[{"href":"https:\/\/wheretostayinathens.com\/fr\/wp-json\/wp\/v2\/pages"}],"about":[{"href":"https:\/\/wheretostayinathens.com\/fr\/wp-json\/wp\/v2\/types\/page"}],"author":[{"embeddable":true,"href":"https:\/\/wheretostayinathens.com\/fr\/wp-json\/wp\/v2\/users\/2"}],"replies":[{"embeddable":true,"href":"https:\/\/wheretostayinathens.com\/fr\/wp-json\/wp\/v2\/comments?post=2068"}],"version-history":[{"count":3,"href":"https:\/\/wheretostayinathens.com\/fr\/wp-json\/wp\/v2\/pages\/2068\/revisions"}],"predecessor-version":[{"id":2071,"href":"https:\/\/wheretostayinathens.com\/fr\/wp-json\/wp\/v2\/pages\/2068\/revisions\/2071"}],"wp:attachment":[{"href":"https:\/\/wheretostayinathens.com\/fr\/wp-json\/wp\/v2\/media?parent=2068"}],"curies":[{"name":"wp","href":"https:\/\/api.w.org\/{rel}","templated":true}]}}