{"id":2090,"date":"2023-01-13T13:15:12","date_gmt":"2023-01-13T10:15:12","guid":{"rendered":"https:\/\/wheretostayinathens.com\/politique-de-remboursement\/"},"modified":"2025-01-29T12:31:10","modified_gmt":"2025-01-29T09:31:10","slug":"politique-de-remboursement","status":"publish","type":"page","link":"https:\/\/wheretostayinathens.com\/fr\/politique-de-remboursement\/","title":{"rendered":"Politique de remboursement"},"content":{"rendered":"<!--themify_builder_content-->\n<div id=\"themify_builder_content-2090\" data-postid=\"2090\" class=\"themify_builder_content themify_builder_content-2090 themify_builder tf_clear\">\n                    <div  data-lazy=\"1\" class=\"module_row themify_builder_row tb_3qgm124 tb_first tf_w\">\n                        <div class=\"row_inner col_align_top tb_col_count_1 tf_box tf_rel\">\n                        <div  data-lazy=\"1\" class=\"module_column tb-column col-full tb_m29b125 first\">\n                    <!-- module fancy heading -->\n<div  class=\"module module-fancy-heading tb_epqz773 \" data-lazy=\"1\">\n        <h1 class=\"fancy-heading\">\n    <span class=\"main-head tf_block\">\n                    Politique de remboursement            <\/span>\n\n    \n    <span class=\"sub-head tf_block tf_rel\">\n                                <\/span>\n    <\/h1>\n<\/div>\n<!-- \/module fancy heading -->\n        <\/div>\n                        <\/div>\n        <\/div>\n                        <div  data-lazy=\"1\" class=\"module_row themify_builder_row tb_31r6533 tf_w\">\n                        <div class=\"row_inner col_align_top tb_col_count_1 tf_box tf_rel\">\n                        <div  data-lazy=\"1\" class=\"module_column tb-column col-full tb_q7cy533 first\">\n                    <!-- module text -->\n<div  class=\"module module-text tb_i8iq534   \" data-lazy=\"1\">\n        <div  class=\"tb_text_wrap\">\n        <p><span style=\"font-weight: 400;\">Nous n&rsquo;avons pas de politiques distinctes concernant l&rsquo;annulation, le remboursement, etc. Nous respectons les conditions d&rsquo;utilisation d&rsquo;Airbnb, Getyourguide, Viator, Welcomepickups, Ferryscanner, Musement et le reste des suggestions d&rsquo;affili\u00e9s fournies sur notre site, respectivement. Veuillez visiter les sites web susmentionn\u00e9s en cons\u00e9quence.    <\/span><\/p>\n<p><span style=\"font-weight: 400;\">En cas d&rsquo;annulation de leur part ou de la v\u00f4tre, nous n&rsquo;avons aucune responsabilit\u00e9, car nous ne faisons que proposer des suggestions d&rsquo;affiliation. Il en va de m\u00eame pour les mauvaises prestations de service. Cependant, toute plainte est la bienvenue afin d&rsquo;agir en cons\u00e9quence envers eux en tant que partenaires.  <\/span><\/p>    <\/div>\n<\/div>\n<!-- \/module text -->        <\/div>\n                        <\/div>\n        <\/div>\n        <\/div>\n<!--\/themify_builder_content--><p><\/p>","protected":false},"excerpt":{"rendered":"<p>Politique de remboursement Nous n&rsquo;avons pas de politiques distinctes concernant l&rsquo;annulation, le remboursement, etc. Nous respectons les conditions d&rsquo;utilisation d&rsquo;Airbnb, Getyourguide, Viator, Welcomepickups, Ferryscanner, Musement et le reste des suggestions d&rsquo;affili\u00e9s fournies sur notre site, respectivement. Veuillez visiter les sites web susmentionn\u00e9s en cons\u00e9quence. En cas d&rsquo;annulation de leur part ou de la v\u00f4tre, nous [&hellip;]<\/p>\n","protected":false},"author":2,"featured_media":0,"parent":0,"menu_order":0,"comment_status":"closed","ping_status":"closed","template":"","meta":{"footnotes":""},"class_list":["post-2090","page","type-page","status-publish","hentry","has-post-title","has-post-date","has-post-category","has-post-tag","has-post-comment","has-post-author",""],"builder_content":"<h1>Politique de remboursement<br\/><\/h1>\n<p>Nous n'avons pas de politiques distinctes concernant l'annulation, le remboursement, etc. Nous respectons les conditions d'utilisation d'Airbnb, Getyourguide, Viator, Welcomepickups, Ferryscanner, Musement et le reste des suggestions d'affili\u00e9s fournies sur notre site, respectivement. Veuillez visiter les sites web susmentionn\u00e9s en cons\u00e9quence. <\/p> <p>En cas d'annulation de leur part ou de la v\u00f4tre, nous n'avons aucune responsabilit\u00e9, car nous ne faisons que proposer des suggestions d'affiliation. Il en va de m\u00eame pour les mauvaises prestations de service. Cependant, toute plainte est la bienvenue afin d'agir en cons\u00e9quence envers eux en tant que partenaires. <\/p>","_links":{"self":[{"href":"https:\/\/wheretostayinathens.com\/fr\/wp-json\/wp\/v2\/pages\/2090","targetHints":{"allow":["GET"]}}],"collection":[{"href":"https:\/\/wheretostayinathens.com\/fr\/wp-json\/wp\/v2\/pages"}],"about":[{"href":"https:\/\/wheretostayinathens.com\/fr\/wp-json\/wp\/v2\/types\/page"}],"author":[{"embeddable":true,"href":"https:\/\/wheretostayinathens.com\/fr\/wp-json\/wp\/v2\/users\/2"}],"replies":[{"embeddable":true,"href":"https:\/\/wheretostayinathens.com\/fr\/wp-json\/wp\/v2\/comments?post=2090"}],"version-history":[{"count":6,"href":"https:\/\/wheretostayinathens.com\/fr\/wp-json\/wp\/v2\/pages\/2090\/revisions"}],"predecessor-version":[{"id":2109,"href":"https:\/\/wheretostayinathens.com\/fr\/wp-json\/wp\/v2\/pages\/2090\/revisions\/2109"}],"wp:attachment":[{"href":"https:\/\/wheretostayinathens.com\/fr\/wp-json\/wp\/v2\/media?parent=2090"}],"curies":[{"name":"wp","href":"https:\/\/api.w.org\/{rel}","templated":true}]}}