{"id":2102,"date":"2023-01-31T16:54:30","date_gmt":"2023-01-31T13:54:30","guid":{"rendered":"https:\/\/wheretostayinathens.com\/voyager-autour\/"},"modified":"2025-01-29T12:31:10","modified_gmt":"2025-01-29T09:31:10","slug":"voyager-autour","status":"publish","type":"page","link":"https:\/\/wheretostayinathens.com\/fr\/voyager-autour\/","title":{"rendered":"Voyager autour"},"content":{"rendered":"<!--themify_builder_content-->\n<div id=\"themify_builder_content-2102\" data-postid=\"2102\" class=\"themify_builder_content themify_builder_content-2102 themify_builder tf_clear\">\n                    <div  data-lazy=\"1\" class=\"module_row themify_builder_row tb_1dtm655 tb_first tf_w\">\n                        <div class=\"row_inner col_align_top tb_col_count_1 tf_box tf_rel\">\n                        <div  data-lazy=\"1\" class=\"module_column tb-column col-full tb_je68656 first\">\n                    <!-- module fancy heading -->\n<div  class=\"module module-fancy-heading tb_tzev18  tb_hide_divider\" data-lazy=\"1\">\n        <h2 class=\"fancy-heading\">\n    <span class=\"main-head tf_block\">\n                    VOYAGES            <\/span>\n\n    \n    <span class=\"sub-head tf_block tf_rel\">\n                                <\/span>\n    <\/h2>\n<\/div>\n<!-- \/module fancy heading -->\n<!-- module text -->\n<div  class=\"module module-text tb_z6a4401   \" data-lazy=\"1\">\n        <div  class=\"tb_text_wrap\">\n        <p><span style=\"font-weight: 400;\">Ath\u00e8nes est une ville fascinante, mais vous pouvez aussi explorer des endroits \u00e9tonnants autour d&rsquo;Ath\u00e8nes.<\/span><\/p>\n<p><span style=\"font-weight: 400;\">D&rsquo;<strong style=\"color: #e8311f;\">Olympie<\/strong>, berceau des Jeux olympiques, au temple de <strong style=\"color: #e8311f;\">Sounio<\/strong> et ses incroyables couchers de soleil.<\/span><\/p>\n<p><span style=\"font-weight: 400;\">De <strong style=\"color: #e8311f;\">Myc\u00e8nes<\/strong>, premi\u00e8re civilisation continentale avanc\u00e9e d&rsquo;Europe, \u00e0 <strong style=\"color: #e8311f;\">Delphes<\/strong>, centre culturel de la Gr\u00e8ce antique.<\/span><\/p>\n<p><span style=\"font-weight: 400;\">Des <strong style=\"color: #e8311f;\">M\u00e9t\u00e9ores<\/strong>, les impressionnantes \u00ab\u00a0montagnes suspendues\u00a0\u00bb, \u00e0 la \u00ab\u00a0riviera\u00a0\u00bb ath\u00e9nienne, en passant par les \u00eeles pittoresques d&rsquo;<strong style=\"color: #e8311f;\">\u00c9gine<\/strong>, d&rsquo;<strong style=\"color: #e8311f;\">Hydra<\/strong> et bien d&rsquo;autres encore.<\/span><\/p>    <\/div>\n<\/div>\n<!-- \/module text -->        <\/div>\n                        <\/div>\n        <\/div>\n                        <div  data-lazy=\"1\" class=\"module_row themify_builder_row tb_jrpg587 tf_w\">\n                        <div class=\"row_inner col_align_top tb_col_count_1 tf_box tf_rel\">\n                        <div  data-lazy=\"1\" class=\"module_column tb-column col-full tb_o1pe587 first\">\n                    <!-- module plain text -->\n<div  class=\"module module-plain-text tb_lp77831 \" data-lazy=\"1\">\n        <div class=\"tb_text_wrap\">\n    <div data-gyg-href=\"https:\/\/widget.getyourguide.com\/default\/city.frame\" data-gyg-location-id=\"116\" data-gyg-locale-code=\"en-US\" data-gyg-widget=\"city\" data-gyg-partner-id=\"CJYYLB6\"><\/div>    <\/div>\n<\/div>\n<!-- \/module plain text --><!-- module plain text -->\n<div  class=\"module module-plain-text tb_0tk385 \" data-lazy=\"1\">\n        <div class=\"tb_text_wrap\">\n    <div data-gyg-href=\"https:\/\/widget.getyourguide.com\/default\/city.frame\" data-gyg-location-id=\"799\" data-gyg-locale-code=\"en-US\" data-gyg-widget=\"city\" data-gyg-partner-id=\"CJYYLB6\"><\/div>    <\/div>\n<\/div>\n<!-- \/module plain text --><!-- module plain text -->\n<div  class=\"module module-plain-text tb_o30b720 \" data-lazy=\"1\">\n        <div class=\"tb_text_wrap\">\n    <div data-gyg-href=\"https:\/\/widget.getyourguide.com\/default\/city.frame\" data-gyg-location-id=\"121\" data-gyg-locale-code=\"en-US\" data-gyg-widget=\"city\" data-gyg-partner-id=\"CJYYLB6\"><\/div>    <\/div>\n<\/div>\n<!-- \/module plain text --><!-- module plain text -->\n<div  class=\"module module-plain-text tb_1h5f318 \" data-lazy=\"1\">\n        <div class=\"tb_text_wrap\">\n    <div data-gyg-href=\"https:\/\/widget.getyourguide.com\/default\/city.frame\" data-gyg-location-id=\"15524\" data-gyg-locale-code=\"en-US\" data-gyg-widget=\"city\" data-gyg-partner-id=\"CJYYLB6\"><\/div>    <\/div>\n<\/div>\n<!-- \/module plain text --><!-- module plain text -->\n<div  class=\"module module-plain-text tb_l9oy442 \" data-lazy=\"1\">\n        <div class=\"tb_text_wrap\">\n    <div data-gyg-href=\"https:\/\/widget.getyourguide.com\/default\/city.frame\" data-gyg-location-id=\"120\" data-gyg-locale-code=\"en-US\" data-gyg-widget=\"city\" data-gyg-partner-id=\"CJYYLB6\"><\/div>    <\/div>\n<\/div>\n<!-- \/module plain text --><!-- module plain text -->\n<div  class=\"module module-plain-text tb_3za584 \" data-lazy=\"1\">\n        <div class=\"tb_text_wrap\">\n    <div data-gyg-href=\"https:\/\/widget.getyourguide.com\/default\/city.frame\" data-gyg-location-id=\"34846\" data-gyg-locale-code=\"en-US\" data-gyg-widget=\"city\" data-gyg-partner-id=\"CJYYLB6\"><\/div>    <\/div>\n<\/div>\n<!-- \/module plain text -->        <\/div>\n                        <\/div>\n        <\/div>\n                        <div  data-lazy=\"1\" class=\"module_row themify_builder_row tb_a6bs818 tf_w\">\n                        <div class=\"row_inner col_align_top tb_col_count_1 tf_box tf_rel\">\n                        <div  data-lazy=\"1\" class=\"module_column tb-column col-full tb_l94v818 first\">\n                    <!-- module divider -->\n<div  class=\"module tf_mw module-divider tb_mnz6818 solid   \" style=\"border-width: 2px;border-color: #e8311f;margin-top: 20px;margin-bottom: 20px;\" data-lazy=\"1\">\n    <\/div>\n<!-- \/module divider -->\n        <\/div>\n                        <\/div>\n        <\/div>\n                        <div  data-lazy=\"1\" class=\"module_row themify_builder_row tb_yabj774 tf_w\">\n                        <div class=\"row_inner col_align_top tb_col_count_1 tf_box tf_rel\">\n                        <div  data-lazy=\"1\" class=\"module_column tb-column col-full tb_hg3j774 first\">\n                    <!-- module text -->\n<div  class=\"module module-text tb_k0ql597   \" data-lazy=\"1\">\n        <div  class=\"tb_text_wrap\">\n        <h6><span style=\"font-weight: 400;\">Si vous pr\u00e9f\u00e9rez visiter quelques-unes des centaines de magnifiques \u00eeles grecques, nous vous sugg\u00e9rons de <\/span><span style=\"color: #e8311f;\">de r\u00e9server votre billet<\/span><span style=\"font-weight: 400;\"> \u00e0 l&rsquo;avance : <br><\/span> <\/h6>    <\/div>\n<\/div>\n<!-- \/module text -->        <\/div>\n                        <\/div>\n        <\/div>\n                        <div  data-lazy=\"1\" class=\"module_row themify_builder_row tb_nxcn729 tf_w\">\n                        <div class=\"row_inner col_align_top tb_col_count_1 tf_box tf_rel\">\n                        <div  data-lazy=\"1\" class=\"module_column tb-column col-full tb_by94730 first\">\n                            <div  data-lazy=\"1\" class=\"module_subrow themify_builder_sub_row tf_w col_align_top tb_col_count_1 tb_ne52730\">\n                <div  data-lazy=\"1\" class=\"module_column sub_column col-full tb_pvj1730 first\">\n                    <!-- module text -->\n<div  class=\"module module-text tb_g4rc730   \" data-lazy=\"1\">\n        <div  class=\"tb_text_wrap\">\n        <h3 style=\"text-align: center;\"><strong>R\u00e9servez vos billets de ferry ici !  <\/strong><\/h3>    <\/div>\n<\/div>\n<!-- \/module text -->        <\/div>\n                    <\/div>\n        <!-- module buttons -->\n<div  class=\"module module-buttons tb_8krx730 buttons-horizontal solid  large squared\" data-lazy=\"1\">\n        <div class=\"module-buttons-item tf_in_flx\">\n                        <a href=\"https:\/\/www.ferryscanner.com\/en\/ferry?ref=orestismatsoukas&#038;utm_source=orestismatsoukas&#038;utm_campaign=Ferryscanner+affiliate+program+EN\" class=\"ui builder_button tf_in_flx red\" target=\"_blank\" rel=\"noopener\">\n                                    <em><svg  class=\"tf_fa tf-la-ship-solid\" aria-hidden=\"true\"><use href=\"#tf-la-ship-solid\"><\/use><\/svg><\/em>                                        Acheter des billets                                        <\/a>\n                <\/div>\n            <\/div>\n<!-- \/module buttons -->\n        <\/div>\n                        <\/div>\n        <\/div>\n                        <div  data-lazy=\"1\" class=\"module_row themify_builder_row tb_0m7i571 tf_w\">\n                        <div class=\"row_inner col_align_top tb_col_count_1 tf_box tf_rel\">\n                        <div  data-lazy=\"1\" class=\"module_column tb-column col-full tb_7msw571 first\">\n                    <!-- module divider -->\n<div  class=\"module tf_mw module-divider tb_akkh571 solid   \" style=\"border-width: 2px;border-color: #e8311f;margin-top: 20px;margin-bottom: 20px;\" data-lazy=\"1\">\n    <\/div>\n<!-- \/module divider -->\n        <\/div>\n                        <\/div>\n        <\/div>\n        <\/div>\n<!--\/themify_builder_content--><p><\/p>","protected":false},"excerpt":{"rendered":"<p>VOYAGES Ath\u00e8nes est une ville fascinante, mais vous pouvez aussi explorer des endroits \u00e9tonnants autour d&rsquo;Ath\u00e8nes. D&rsquo;Olympie, berceau des Jeux olympiques, au temple de Sounio et ses incroyables couchers de soleil. De Myc\u00e8nes, premi\u00e8re civilisation continentale avanc\u00e9e d&rsquo;Europe, \u00e0 Delphes, centre culturel de la Gr\u00e8ce antique. Des M\u00e9t\u00e9ores, les impressionnantes \u00ab\u00a0montagnes suspendues\u00a0\u00bb, \u00e0 la \u00ab\u00a0riviera\u00a0\u00bb [&hellip;]<\/p>\n","protected":false},"author":2,"featured_media":0,"parent":0,"menu_order":0,"comment_status":"closed","ping_status":"closed","template":"","meta":{"footnotes":""},"class_list":["post-2102","page","type-page","status-publish","hentry","has-post-title","has-post-date","has-post-category","has-post-tag","has-post-comment","has-post-author",""],"builder_content":"<h2>VOYAGES<br\/><\/h2>\n<p>Ath\u00e8nes est une ville fascinante, mais vous pouvez aussi explorer des endroits \u00e9tonnants autour d'Ath\u00e8nes.<\/p> <p>D'<strong style=\"color: #e8311f;\">Olympie<\/strong>, berceau des Jeux olympiques, au temple de <strong style=\"color: #e8311f;\">Sounio<\/strong> et ses incroyables couchers de soleil.<\/p> <p>De <strong style=\"color: #e8311f;\">Myc\u00e8nes<\/strong>, premi\u00e8re civilisation continentale avanc\u00e9e d'Europe, \u00e0 <strong style=\"color: #e8311f;\">Delphes<\/strong>, centre culturel de la Gr\u00e8ce antique.<\/p> <p>Des <strong style=\"color: #e8311f;\">M\u00e9t\u00e9ores<\/strong>, les impressionnantes \"montagnes suspendues\", \u00e0 la \"riviera\" ath\u00e9nienne, en passant par les \u00eeles pittoresques d'<strong style=\"color: #e8311f;\">\u00c9gine<\/strong>, d'<strong style=\"color: #e8311f;\">Hydra<\/strong> et bien d'autres encore.<\/p>\n\n\n\n\n\n\n\n<h6>Si vous pr\u00e9f\u00e9rez visiter quelques-unes des centaines de magnifiques \u00eeles grecques, nous vous sugg\u00e9rons de de r\u00e9server votre billet \u00e0 l'avance : <br> <\/h6>\n<h3 style=\"text-align: center;\"><strong>R\u00e9servez vos billets de ferry ici ! <\/strong><\/h3>\n<a href=\"https:\/\/www.ferryscanner.com\/en\/ferry?ref=orestismatsoukas&#038;utm_source=orestismatsoukas&#038;utm_campaign=Ferryscanner+affiliate+program+EN\" target=\"_blank\" rel=\"noopener\"> <em><svg aria-hidden=\"true\"><use href=\"#tf-la-ship-solid\"><\/use><\/svg><\/em> Acheter des billets <\/a>\n","_links":{"self":[{"href":"https:\/\/wheretostayinathens.com\/fr\/wp-json\/wp\/v2\/pages\/2102","targetHints":{"allow":["GET"]}}],"collection":[{"href":"https:\/\/wheretostayinathens.com\/fr\/wp-json\/wp\/v2\/pages"}],"about":[{"href":"https:\/\/wheretostayinathens.com\/fr\/wp-json\/wp\/v2\/types\/page"}],"author":[{"embeddable":true,"href":"https:\/\/wheretostayinathens.com\/fr\/wp-json\/wp\/v2\/users\/2"}],"replies":[{"embeddable":true,"href":"https:\/\/wheretostayinathens.com\/fr\/wp-json\/wp\/v2\/comments?post=2102"}],"version-history":[{"count":3,"href":"https:\/\/wheretostayinathens.com\/fr\/wp-json\/wp\/v2\/pages\/2102\/revisions"}],"predecessor-version":[{"id":2111,"href":"https:\/\/wheretostayinathens.com\/fr\/wp-json\/wp\/v2\/pages\/2102\/revisions\/2111"}],"wp:attachment":[{"href":"https:\/\/wheretostayinathens.com\/fr\/wp-json\/wp\/v2\/media?parent=2102"}],"curies":[{"name":"wp","href":"https:\/\/api.w.org\/{rel}","templated":true}]}}