{"id":2127,"date":"2023-02-15T16:26:19","date_gmt":"2023-02-15T13:26:19","guid":{"rendered":"https:\/\/wheretostayinathens.com\/securite\/"},"modified":"2025-01-29T12:31:15","modified_gmt":"2025-01-29T09:31:15","slug":"securite","status":"publish","type":"page","link":"https:\/\/wheretostayinathens.com\/fr\/securite\/","title":{"rendered":"S\u00e9curit\u00e9"},"content":{"rendered":"<!--themify_builder_content-->\n<div id=\"themify_builder_content-2127\" data-postid=\"2127\" class=\"themify_builder_content themify_builder_content-2127 themify_builder tf_clear\">\n                    <div  data-lazy=\"1\" class=\"module_row themify_builder_row tb_o4ay891 tb_first tf_w\">\n                        <div class=\"row_inner col_align_top tb_col_count_1 tf_box tf_rel\">\n                        <div  data-lazy=\"1\" class=\"module_column tb-column col-full tb_4tq0891 first\">\n                            <div  data-lazy=\"1\" class=\"module_subrow themify_builder_sub_row tf_w col_align_top tb_col_count_1 tb_qgzd410\">\n                <div  data-lazy=\"1\" class=\"module_column sub_column col-full tb_kcwb410 first\">\n                    <!-- module fancy heading -->\n<div  class=\"module module-fancy-heading tb_cr3z543 \" data-lazy=\"1\">\n        <h1 class=\"fancy-heading tf_textc\">\n    <span class=\"main-head tf_block\">\n                    S\u00e9curit\u00e9            <\/span>\n\n    \n    <span class=\"sub-head tf_block tf_rel\">\n                                <\/span>\n    <\/h1>\n<\/div>\n<!-- \/module fancy heading -->\n        <\/div>\n                    <\/div>\n                <\/div>\n                        <\/div>\n        <\/div>\n                        <div  data-lazy=\"1\" class=\"module_row themify_builder_row tb_4p5d463 tf_w\">\n                        <div class=\"row_inner col_align_top tb_col_count_1 tf_box tf_rel\">\n                        <div  data-lazy=\"1\" class=\"module_column tb-column col-full tb_2exc464 first\">\n                            <div  data-lazy=\"1\" class=\"module_subrow themify_builder_sub_row tf_w col_align_top tb_col_count_1 tb_iw8a464\">\n                <div  data-lazy=\"1\" class=\"module_column sub_column col-full tb_6l52464 first\">\n                    <!-- module text -->\n<div  class=\"module module-text tb_trtn464   \" data-lazy=\"1\">\n        <div  class=\"tb_text_wrap\">\n        <p><span style=\"font-weight: 400;\">Comme dans la plupart des endroits du monde, il est toujours pr\u00e9f\u00e9rable d&rsquo;\u00e9viter de prendre un taxi au hasard dans la rue. C&rsquo;est pourquoi je vous recommande vivement de   <\/span><b><span style=\"color: #e8311f;\">r\u00e9servez votre prise en charge \u00e0 l&rsquo;avance<\/span> <\/b><span style=\"font-weight: 400;\">en utilisant <\/span><a href=\"https:\/\/bnb.welcomepickups.com\/property_groups\/5545\/\"><b style=\"color: #e8311f;\">ce lien<\/b><\/a><span style=\"font-weight: 400;\"> avec des tarifs tr\u00e8s comp\u00e9titifs par<\/span><a href=\"https:\/\/bnb.welcomepickups.com\/property_groups\/5545\/\"><span style=\"color: #e8311f;\"> Welcome Pickups<\/span><\/a> <b><span style=\"color: #e8311f;\">depuis\/vers l&rsquo;a\u00e9roport, les ports et les stations de bus\/train<\/span> <\/b><span style=\"font-weight: 400;\">d&rsquo;Ath\u00e8nes <\/span> <\/p>\n<p> <\/p>\n<p><span style=\"font-weight: 400;\">En g\u00e9n\u00e9ral, Ath\u00e8nes est une grande ville qui compte<\/span><b> <span style=\"color: #e8311f;\">plus de 4 millions<\/span><\/b><span style=\"font-weight: 400;\"> d&rsquo;habitants.<\/span><\/p>\n<p><span style=\"font-weight: 400;\">La ville est un<\/span><b> <span style=\"color: #e8311f;\">centre r\u00e9gional<\/span> <\/b><span style=\"font-weight: 400;\">de l&rsquo;Europe du Sud-Est et de la M\u00e9diterran\u00e9e orientale, et son port, le Pir\u00e9e, est le plus grand de la M\u00e9diterran\u00e9e.<\/span><\/p>\n<p><span style=\"font-weight: 400;\">En outre, il s&rsquo;agit du centre d&rsquo;immigration et d&rsquo;accueil des r\u00e9fugi\u00e9s le plus populaire. <\/span><b style=\"color: #e8311f;\">plaque tournante de l&rsquo;immigration et des r\u00e9fugi\u00e9s<\/b><span style=\"font-weight: 400;\"> en provenance des pays pauvres des Balkans, d&rsquo;Asie et d&rsquo;Afrique, qui souhaitent s&rsquo;installer dans l&rsquo;Union europ\u00e9enne.<\/span><\/p>\n<p><span style=\"font-weight: 400;\">En outre, la Gr\u00e8ce ne s&rsquo;est pas encore totalement remise de la crise financi\u00e8re mondiale de 2008. <\/span><b style=\"color: #e8311f;\">crise financi\u00e8re mondiale de 2008<\/b><span style=\"font-weight: 400;\">.<\/span><\/p>\n<p> <\/p>\n<p><span style=\"font-weight: 400;\">En cons\u00e9quence de tout ce qui pr\u00e9c\u00e8de, Ath\u00e8nes \u00e9tant une <\/span><b style=\"color: #e8311f;\">destination touristique tr\u00e8s populaire<\/b><span style=\"font-weight: 400;\">il y a un s\u00e9rieux probl\u00e8me de PICK-POCKETING, ciblant particuli\u00e8rement les touristes.<\/span><\/p>\n<p><span style=\"font-weight: 400;\">Gardez \u00e0 l&rsquo;esprit que ces voyous sont tr\u00e8s dou\u00e9s, ils ciblent les portefeuilles, les appareils photo, les t\u00e9l\u00e9phones portables et autres objets de valeur, mais si vous les gardez en s\u00e9curit\u00e9 (pas dans les sacs \u00e0 dos, les poches arri\u00e8re, etc.).<\/span><\/p>\n<p> <\/p>\n<p><span style=\"font-weight: 400;\">Indice :<\/span><\/p>\n<p><span style=\"font-weight: 400;\">Les Grecs sont tout \u00e0 fait dispos\u00e9s \u00e0 aider les \u00e9trangers. N\u00e9anmoins, il faut le demander, car nous sommes faciles \u00e0 vivre et n&rsquo;aimons pas \u00eatre pouss\u00e9s, donc nous ne poussons pas les gens. <\/span><\/p>\n<p><span style=\"font-weight: 400;\">Par cons\u00e9quent, une personne qui insiste et insiste pour vous aider est plut\u00f4t suspecte.  <\/span><\/p>\n<p> <\/p>\n<p><span style=\"font-weight: 400;\">Conseil suppl\u00e9mentaire :  <\/span><\/p>\n<p><span style=\"font-weight: 400;\">Si vous avez besoin d&rsquo;entreposer vos bagages, je vous recommande <\/span><a href=\"https:\/\/radicalstorage.com\/?acc=eddb904a6db773755d2857aacadb1cb0\"><span style=\"font-weight: 400;\">Radical Storage <\/span><\/a><span style=\"font-weight: 400;\">que vous pouvez r\u00e9server directement en utilisant<\/span> <a href=\"https:\/\/radicalstorage.com\/luggage-storage\/athens?acc=eddb904a6db773755d2857aacadb1cb0\"><b>ce lien<\/b><\/a><span style=\"font-weight: 400;\">.<\/span><\/p>    <\/div>\n<\/div>\n<!-- \/module text -->        <\/div>\n                    <\/div>\n                <\/div>\n                        <\/div>\n        <\/div>\n        <\/div>\n<!--\/themify_builder_content--><p><\/p>","protected":false},"excerpt":{"rendered":"<p>S\u00e9curit\u00e9 Comme dans la plupart des endroits du monde, il est toujours pr\u00e9f\u00e9rable d&rsquo;\u00e9viter de prendre un taxi au hasard dans la rue. C&rsquo;est pourquoi je vous recommande vivement de r\u00e9server votre prise en charge \u00e0 l&rsquo;avance en utilisant ce lien avec des tarifs tr\u00e8s comp\u00e9titifs par Welcome Pickups depuis\/vers l&rsquo;a\u00e9roport, les ports et les [&hellip;]<\/p>\n","protected":false},"author":2,"featured_media":0,"parent":0,"menu_order":0,"comment_status":"closed","ping_status":"closed","template":"","meta":{"footnotes":""},"class_list":["post-2127","page","type-page","status-publish","hentry","has-post-title","has-post-date","has-post-category","has-post-tag","has-post-comment","has-post-author",""],"builder_content":"<h1>S\u00e9curit\u00e9<br\/><\/h1>\n<p>Comme dans la plupart des endroits du monde, il est toujours pr\u00e9f\u00e9rable d'\u00e9viter de prendre un taxi au hasard dans la rue. C'est pourquoi je vous recommande vivement de <b>r\u00e9servez votre prise en charge \u00e0 l'avance <\/b>en utilisant <a href=\"https:\/\/bnb.welcomepickups.com\/property_groups\/5545\/\"><b style=\"color: #e8311f;\">ce lien<\/b><\/a> avec des tarifs tr\u00e8s comp\u00e9titifs par<a href=\"https:\/\/bnb.welcomepickups.com\/property_groups\/5545\/\"> Welcome Pickups<\/a> <b>depuis\/vers l'a\u00e9roport, les ports et les stations de bus\/train <\/b>d'Ath\u00e8nes <\/p> <p> <\/p> <p>En g\u00e9n\u00e9ral, Ath\u00e8nes est une grande ville qui compte<b> plus de 4 millions<\/b> d'habitants.<\/p> <p>La ville est un<b> centre r\u00e9gional <\/b>de l'Europe du Sud-Est et de la M\u00e9diterran\u00e9e orientale, et son port, le Pir\u00e9e, est le plus grand de la M\u00e9diterran\u00e9e.<\/p> <p>En outre, il s'agit du centre d'immigration et d'accueil des r\u00e9fugi\u00e9s le plus populaire. <b style=\"color: #e8311f;\">plaque tournante de l'immigration et des r\u00e9fugi\u00e9s<\/b> en provenance des pays pauvres des Balkans, d'Asie et d'Afrique, qui souhaitent s'installer dans l'Union europ\u00e9enne.<\/p> <p>En outre, la Gr\u00e8ce ne s'est pas encore totalement remise de la crise financi\u00e8re mondiale de 2008. <b style=\"color: #e8311f;\">crise financi\u00e8re mondiale de 2008<\/b>.<\/p> <p> <\/p> <p>En cons\u00e9quence de tout ce qui pr\u00e9c\u00e8de, Ath\u00e8nes \u00e9tant une <b style=\"color: #e8311f;\">destination touristique tr\u00e8s populaire<\/b>il y a un s\u00e9rieux probl\u00e8me de PICK-POCKETING, ciblant particuli\u00e8rement les touristes.<\/p> <p>Gardez \u00e0 l'esprit que ces voyous sont tr\u00e8s dou\u00e9s, ils ciblent les portefeuilles, les appareils photo, les t\u00e9l\u00e9phones portables et autres objets de valeur, mais si vous les gardez en s\u00e9curit\u00e9 (pas dans les sacs \u00e0 dos, les poches arri\u00e8re, etc.).<\/p> <p> <\/p> <p>Indice :<\/p> <p>Les Grecs sont tout \u00e0 fait dispos\u00e9s \u00e0 aider les \u00e9trangers. N\u00e9anmoins, il faut le demander, car nous sommes faciles \u00e0 vivre et n'aimons pas \u00eatre pouss\u00e9s, donc nous ne poussons pas les gens. <\/p> <p>Par cons\u00e9quent, une personne qui insiste et insiste pour vous aider est plut\u00f4t suspecte. <\/p> <p> <\/p> <p>Conseil suppl\u00e9mentaire : <\/p> <p>Si vous avez besoin d'entreposer vos bagages, je vous recommande <a href=\"https:\/\/radicalstorage.com\/?acc=eddb904a6db773755d2857aacadb1cb0\">Radical Storage <\/a>que vous pouvez r\u00e9server directement en utilisant <a href=\"https:\/\/radicalstorage.com\/luggage-storage\/athens?acc=eddb904a6db773755d2857aacadb1cb0\"><b>ce lien<\/b><\/a>.<\/p>","_links":{"self":[{"href":"https:\/\/wheretostayinathens.com\/fr\/wp-json\/wp\/v2\/pages\/2127","targetHints":{"allow":["GET"]}}],"collection":[{"href":"https:\/\/wheretostayinathens.com\/fr\/wp-json\/wp\/v2\/pages"}],"about":[{"href":"https:\/\/wheretostayinathens.com\/fr\/wp-json\/wp\/v2\/types\/page"}],"author":[{"embeddable":true,"href":"https:\/\/wheretostayinathens.com\/fr\/wp-json\/wp\/v2\/users\/2"}],"replies":[{"embeddable":true,"href":"https:\/\/wheretostayinathens.com\/fr\/wp-json\/wp\/v2\/comments?post=2127"}],"version-history":[{"count":9,"href":"https:\/\/wheretostayinathens.com\/fr\/wp-json\/wp\/v2\/pages\/2127\/revisions"}],"predecessor-version":[{"id":2157,"href":"https:\/\/wheretostayinathens.com\/fr\/wp-json\/wp\/v2\/pages\/2127\/revisions\/2157"}],"wp:attachment":[{"href":"https:\/\/wheretostayinathens.com\/fr\/wp-json\/wp\/v2\/media?parent=2127"}],"curies":[{"name":"wp","href":"https:\/\/api.w.org\/{rel}","templated":true}]}}