{"id":2135,"date":"2023-02-16T11:51:32","date_gmt":"2023-02-16T08:51:32","guid":{"rendered":"https:\/\/wheretostayinathens.com\/vie-nocturne\/"},"modified":"2025-01-29T12:31:15","modified_gmt":"2025-01-29T09:31:15","slug":"vie-nocturne","status":"publish","type":"page","link":"https:\/\/wheretostayinathens.com\/fr\/vie-nocturne\/","title":{"rendered":"Vie nocturne"},"content":{"rendered":"<!--themify_builder_content-->\n<div id=\"themify_builder_content-2135\" data-postid=\"2135\" class=\"themify_builder_content themify_builder_content-2135 themify_builder tf_clear\">\n                    <div  data-lazy=\"1\" class=\"module_row themify_builder_row tb_hmnw354 tb_first tf_w\">\n                        <div class=\"row_inner col_align_top tb_col_count_1 tf_box tf_rel\">\n                        <div  data-lazy=\"1\" class=\"module_column tb-column col-full tb_ygjy355 first\">\n                    <!-- module fancy heading -->\n<div  class=\"module module-fancy-heading tb_bu0b467 \" data-lazy=\"1\">\n        <h1 class=\"fancy-heading\">\n    <span class=\"main-head tf_block\">\n                    Vie nocturne              <\/span>\n\n    \n    <span class=\"sub-head tf_block tf_rel\">\n                                <\/span>\n    <\/h1>\n<\/div>\n<!-- \/module fancy heading -->\n        <\/div>\n                        <\/div>\n        <\/div>\n                        <div  data-lazy=\"1\" class=\"module_row themify_builder_row tb_yv04719 tf_w\">\n                        <div class=\"row_inner col_align_top tb_col_count_1 tf_box tf_rel\">\n                        <div  data-lazy=\"1\" class=\"module_column tb-column col-full tb_ab1g720 first\">\n                    <!-- module text -->\n<div  class=\"module module-text tb_uvyh393   \" data-lazy=\"1\">\n        <div  class=\"tb_text_wrap\">\n        <p><span style=\"font-weight: 400;\">La vie nocturne d&rsquo;Ath\u00e8nes est plurielle et offre de nombreux choix \u00e0 ses habitants et \u00e0 ses visiteurs. Il y a beaucoup de bars, de restaurants et de caf\u00e9s (g\u00e9n\u00e9ralement la combinaison des trois), en particulier dans les quartiers de   <\/span><b><span style=\"color: #e8311f;\">Psyrri<\/span> <\/b><span style=\"font-weight: 400;\">(peut-\u00eatre le meilleur choix),  <\/span><b><span style=\"color: #e8311f;\">Plaka<\/span> <\/b><span style=\"font-weight: 400;\">(la vieille ville),  <\/span><b><span style=\"color: #e8311f;\">Gazi<\/span> <\/b><span style=\"font-weight: 400;\">(principalement grand public),  <\/span><b><span style=\"color: #e8311f;\">Exarchia<\/span> <\/b><span style=\"font-weight: 400;\">(alternative en tant que centre anarchiste),  <\/span><b><span style=\"color: #e8311f;\">Kolonaki<\/span> <\/b><span style=\"font-weight: 400;\">(le quartier chic), et g\u00e9n\u00e9ralement les quartiers autour des places de  <\/span><b style=\"color: #e8311f;\">Monastiraki<\/b><span style=\"font-weight: 400;\">,  <\/span><b><span style=\"color: #e8311f;\">Syntagme<\/span> <\/b><span style=\"font-weight: 400;\">et  <\/span><span style=\"color: #e8311f;\"><b>Agia Irini<\/b><span style=\"font-weight: 400;\">.<\/span><\/span><\/p>\n<p><span style=\"font-weight: 400;\">Toutes ces r\u00e9gions offrent de nombreux endroits \u00e0 visiter et sont toutes accessibles \u00e0 pied depuis nos <\/span><a href=\"https:\/\/wheretostayinathens.com\/apartments\/\"><span style=\"font-weight: 400;\">appartements<\/span><\/a><span style=\"font-weight: 400;\">!<\/span><\/p>\n<p><span style=\"font-weight: 400;\">Il existe \u00e9galement d&rsquo;excellentes options en bord de mer \u00e0  <\/span><b style=\"color: #e8311f;\">Glyfada<\/b><span style=\"font-weight: 400;\">Marina  <\/span><b style=\"color: #e8311f;\">Flisvos<\/b><span style=\"font-weight: 400;\">,  <\/span><b><span style=\"color: #e8311f;\">Mikrolimano<\/span> <\/b><span style=\"font-weight: 400;\">Marina  <\/span><b style=\"color: #e8311f;\">Zeas<\/b><span style=\"font-weight: 400;\">ainsi que d&rsquo;autres options comme en  <\/span><b style=\"color: #e8311f;\">Chalandri<\/b><span style=\"font-weight: 400;\">,  <\/span><b style=\"color: #e8311f;\">Kifissia<\/b><span style=\"font-weight: 400;\">,  <\/span><b><span style=\"color: #e8311f;\">Nea<\/span> <span style=\"color: #e8311f;\">Smyrni<\/span><\/b> <span style=\"font-weight: 400;\"> et <\/span><b style=\"color: #e8311f;\">Peristeri<\/b><span style=\"font-weight: 400;\">la plupart d&rsquo;entre eux sont facilement accessibles en m\u00e9tro depuis nos appartements.<\/span><\/p>\n<p><span style=\"font-weight: 400;\">O\u00f9 que vous d\u00e9cidiez d&rsquo;aller, ne manquez pas de go\u00fbter <\/span><b><span style=\"color: #e8311f;\">cocktails<\/span> <\/b><span style=\"font-weight: 400;\">qui contiennent des <\/span><b style=\"color: #e8311f;\">ingr\u00e9dients grecs<\/b><span style=\"font-weight: 400;\">comme le mastic, comme je l&rsquo;ai mentionn\u00e9 dans la page des <\/span><a href=\"https:\/\/wheretostayinathens.com\/hints-and-tips\/\"><span style=\"font-weight: 400;\">Conseils et astuces<\/span><\/a><span style=\"font-weight: 400;\">et sans aucun doute la grande vari\u00e9t\u00e9 de merveilleux vins grecs <\/span><b style=\"color: #e8311f;\">vins<\/b><span style=\"font-weight: 400;\">.<\/span><\/p>\n<p><span style=\"font-weight: 400;\">N&rsquo;oubliez pas que presque tous les transports publics ne fonctionnent pas apr\u00e8s minuit.<\/span><\/p>\n<p><span style=\"font-weight: 400;\">Voici quelques suggestions que vous pouvez r\u00e9server pour passer des nuits encore plus agr\u00e9ables !<\/span><\/p>    <\/div>\n<\/div>\n<!-- \/module text -->        <\/div>\n                        <\/div>\n        <\/div>\n                        <div  data-lazy=\"1\" class=\"module_row themify_builder_row tb_d70e275 tf_w\">\n                        <div class=\"row_inner col_align_top tb_col_count_1 tf_box tf_rel\">\n                        <div  data-lazy=\"1\" class=\"module_column tb-column col-full tb_2alm275 first\">\n                    <!-- module plain text -->\n<div  class=\"module module-plain-text tb_8car503 \" data-lazy=\"1\">\n        <div class=\"tb_text_wrap\">\n    <div data-gyg-href=\"https:\/\/widget.getyourguide.com\/default\/activities.frame\" data-gyg-locale-code=\"en-US\" data-gyg-widget=\"activities\" data-gyg-number-of-items=\"4\" data-gyg-partner-id=\"CJYYLB6\" data-gyg-tour-ids=\"191690,185958,18859,129420\"><\/div>    <\/div>\n<\/div>\n<!-- \/module plain text -->        <\/div>\n                        <\/div>\n        <\/div>\n                        <div  data-lazy=\"1\" class=\"module_row themify_builder_row tb_s6wm445 tf_w\">\n                        <div class=\"row_inner col_align_top tb_col_count_1 tf_box tf_rel\">\n                        <div  data-lazy=\"1\" class=\"module_column tb-column col-full tb_7q52446 first\">\n                    <!-- module plain text -->\n<div  class=\"module module-plain-text tb_yda673 \" data-lazy=\"1\">\n        <div class=\"tb_text_wrap\">\n    <div data-gyg-href=\"https:\/\/widget.getyourguide.com\/default\/activities.frame\" data-gyg-locale-code=\"en-US\" data-gyg-widget=\"activities\" data-gyg-number-of-items=\"4\" data-gyg-partner-id=\"CJYYLB6\" data-gyg-tour-ids=\"147096,430669,104699,431536\"><\/div>    <\/div>\n<\/div>\n<!-- \/module plain text -->        <\/div>\n                        <\/div>\n        <\/div>\n                        <div  data-lazy=\"1\" class=\"module_row themify_builder_row tb_mzvw567 tf_w\">\n                        <div class=\"row_inner col_align_top tb_col_count_1 tf_box tf_rel\">\n                        <div  data-lazy=\"1\" class=\"module_column tb-column col-full tb_2j8g568 first\">\n                    <!-- module divider -->\n<div  class=\"module tf_mw module-divider tb_7g7t568 solid   \" style=\"border-width: 2px;border-color: #ff0000;\" data-lazy=\"1\">\n    <\/div>\n<!-- \/module divider -->\n        <\/div>\n                        <\/div>\n        <\/div>\n        <\/div>\n<!--\/themify_builder_content--><p><\/p>","protected":false},"excerpt":{"rendered":"<p>Vie nocturne La vie nocturne d&rsquo;Ath\u00e8nes est plurielle et offre de nombreux choix \u00e0 ses habitants et \u00e0 ses visiteurs. Il y a beaucoup de bars, de restaurants et de caf\u00e9s (g\u00e9n\u00e9ralement une combinaison des trois), en particulier dans les quartiers de Psyrri (peut-\u00eatre le meilleur choix), Plaka (la vieille ville), Gazi (principalement grand public), [&hellip;]<\/p>\n","protected":false},"author":2,"featured_media":0,"parent":0,"menu_order":0,"comment_status":"closed","ping_status":"closed","template":"","meta":{"footnotes":""},"class_list":["post-2135","page","type-page","status-publish","hentry","has-post-title","has-post-date","has-post-category","has-post-tag","has-post-comment","has-post-author",""],"builder_content":"<h1>Vie nocturne <br\/><\/h1>\n<p>La vie nocturne d'Ath\u00e8nes est plurielle et offre de nombreux choix \u00e0 ses habitants et \u00e0 ses visiteurs. Il y a beaucoup de bars, de restaurants et de caf\u00e9s (g\u00e9n\u00e9ralement la combinaison des trois), en particulier dans les quartiers de <b>Psyrri <\/b>(peut-\u00eatre le meilleur choix), <b>Plaka <\/b>(la vieille ville), <b>Gazi <\/b>(principalement grand public), <b>Exarchia <\/b>(alternative en tant que centre anarchiste), <b>Kolonaki <\/b>(le quartier chic), et g\u00e9n\u00e9ralement les quartiers autour des places de <b style=\"color: #e8311f;\">Monastiraki<\/b>, <b>Syntagme <\/b>et <b>Agia Irini<\/b>.<\/p> <p>Toutes ces r\u00e9gions offrent de nombreux endroits \u00e0 visiter et sont toutes accessibles \u00e0 pied depuis nos <a href=\"https:\/\/wheretostayinathens.com\/apartments\/\">appartements<\/a>!<\/p> <p>Il existe \u00e9galement d'excellentes options en bord de mer \u00e0 <b style=\"color: #e8311f;\">Glyfada<\/b>Marina <b style=\"color: #e8311f;\">Flisvos<\/b>, <b>Mikrolimano <\/b>Marina <b style=\"color: #e8311f;\">Zeas<\/b>ainsi que d'autres options comme en <b style=\"color: #e8311f;\">Chalandri<\/b>, <b style=\"color: #e8311f;\">Kifissia<\/b>, <b>Nea Smyrni<\/b> et <b style=\"color: #e8311f;\">Peristeri<\/b>la plupart d'entre eux sont facilement accessibles en m\u00e9tro depuis nos appartements.<\/p> <p>O\u00f9 que vous d\u00e9cidiez d'aller, ne manquez pas de go\u00fbter <b>cocktails <\/b>qui contiennent des <b style=\"color: #e8311f;\">ingr\u00e9dients grecs<\/b>comme le mastic, comme je l'ai mentionn\u00e9 dans la page des <a href=\"https:\/\/wheretostayinathens.com\/hints-and-tips\/\">Conseils et astuces<\/a>et sans aucun doute la grande vari\u00e9t\u00e9 de merveilleux vins grecs <b style=\"color: #e8311f;\">vins<\/b>.<\/p> <p>N'oubliez pas que presque tous les transports publics ne fonctionnent pas apr\u00e8s minuit.<\/p> <p>Voici quelques suggestions que vous pouvez r\u00e9server pour passer des nuits encore plus agr\u00e9ables !<\/p>\n\n\n","_links":{"self":[{"href":"https:\/\/wheretostayinathens.com\/fr\/wp-json\/wp\/v2\/pages\/2135","targetHints":{"allow":["GET"]}}],"collection":[{"href":"https:\/\/wheretostayinathens.com\/fr\/wp-json\/wp\/v2\/pages"}],"about":[{"href":"https:\/\/wheretostayinathens.com\/fr\/wp-json\/wp\/v2\/types\/page"}],"author":[{"embeddable":true,"href":"https:\/\/wheretostayinathens.com\/fr\/wp-json\/wp\/v2\/users\/2"}],"replies":[{"embeddable":true,"href":"https:\/\/wheretostayinathens.com\/fr\/wp-json\/wp\/v2\/comments?post=2135"}],"version-history":[{"count":6,"href":"https:\/\/wheretostayinathens.com\/fr\/wp-json\/wp\/v2\/pages\/2135\/revisions"}],"predecessor-version":[{"id":2158,"href":"https:\/\/wheretostayinathens.com\/fr\/wp-json\/wp\/v2\/pages\/2135\/revisions\/2158"}],"wp:attachment":[{"href":"https:\/\/wheretostayinathens.com\/fr\/wp-json\/wp\/v2\/media?parent=2135"}],"curies":[{"name":"wp","href":"https:\/\/api.w.org\/{rel}","templated":true}]}}