{"id":2146,"date":"2023-02-16T11:55:00","date_gmt":"2023-02-16T08:55:00","guid":{"rendered":"https:\/\/wheretostayinathens.com\/lhistoire\/"},"modified":"2025-01-29T12:31:15","modified_gmt":"2025-01-29T09:31:15","slug":"lhistoire","status":"publish","type":"page","link":"https:\/\/wheretostayinathens.com\/fr\/lhistoire\/","title":{"rendered":"L&rsquo;histoire"},"content":{"rendered":"<!--themify_builder_content-->\n<div id=\"themify_builder_content-2146\" data-postid=\"2146\" class=\"themify_builder_content themify_builder_content-2146 themify_builder tf_clear\">\n                    <div  data-lazy=\"1\" class=\"module_row themify_builder_row tb_g92h805 tb_first tf_w\">\n                        <div class=\"row_inner col_align_top tb_col_count_1 tf_box tf_rel\">\n                        <div  data-lazy=\"1\" class=\"module_column tb-column col-full tb_cbfj806 first\">\n                    <!-- module fancy heading -->\n<div  class=\"module module-fancy-heading tb_96tj301 \" data-lazy=\"1\">\n        <h1 class=\"fancy-heading\">\n    <span class=\"main-head tf_block\">\n                    L'histoire            <\/span>\n\n    \n    <span class=\"sub-head tf_block tf_rel\">\n                                <\/span>\n    <\/h1>\n<\/div>\n<!-- \/module fancy heading -->\n        <\/div>\n                        <\/div>\n        <\/div>\n                        <div  data-lazy=\"1\" class=\"module_row themify_builder_row tb_wwpx427 tf_w\">\n                        <div class=\"row_inner col_align_top tb_col_count_1 tf_box tf_rel\">\n                        <div  data-lazy=\"1\" class=\"module_column tb-column col-full tb_vvkh427 first\">\n                    <!-- module text -->\n<div  class=\"module module-text tb_6ip6270   \" data-lazy=\"1\">\n        <div  class=\"tb_text_wrap\">\n        <p><span style=\"font-weight: 400;\">La Gr\u00e8ce a une histoire de plus de 5 000 ans, class\u00e9e chronologiquement comme suit  <\/span><b><span style=\"color: #e8311f;\">Helladic<\/span> <\/b><span style=\"font-weight: 400;\">et  <\/span><b><span style=\"color: #e8311f;\">Cycladique<\/span> <\/b><span style=\"font-weight: 400;\">p\u00e9riodes,  <\/span><b><span style=\"color: #e8311f;\">Archa\u00efque<\/span> <\/b><span style=\"font-weight: 400;\">et  <\/span><b style=\"color: #e8311f;\">Classique<\/b><span style=\"font-weight: 400;\">,  <\/span><b><span style=\"color: #e8311f;\">Hell\u00e9nistique<\/span> <\/b><span style=\"font-weight: 400;\">et  <\/span><b style=\"color: #e8311f;\">Romain<\/b><span style=\"font-weight: 400;\">,  <\/span><b><span style=\"color: #e8311f;\">Byzantine<\/span> <\/b><span style=\"font-weight: 400;\">et  <\/span><b><span style=\"color: #e8311f;\">Ottoman<\/span> <\/b><span style=\"font-weight: 400;\">et, enfin, les pays ind\u00e9pendants modernes  <\/span><b style=\"color: #e8311f;\">R\u00e9publique hell\u00e9nique<\/b><span style=\"font-weight: 400;\">.  <\/span><\/p>\n<p><span style=\"font-weight: 400;\">Vous pouvez en t\u00e9moigner dans les innombrables<\/span><b> <span style=\"color: #e8311f;\">mus\u00e9es<\/span><\/b><span style=\"font-weight: 400;\"> et les nombreuses <\/span><b style=\"color: #e8311f;\">sites<\/b><span style=\"font-weight: 400;\">. <\/span><span style=\"font-weight: 400;\">J&rsquo;ai s\u00e9lectionn\u00e9 quelques activit\u00e9s qui vous permettront d&rsquo;en voir le plus possible.<\/span><\/p>\n<p><span style=\"font-weight: 400;\">Si vous souhaitez d\u00e9couvrir l&rsquo;histoire, choisissez parmi les suggestions ci-dessous :<\/span><\/p>\n<p> <\/p>    <\/div>\n<\/div>\n<!-- \/module text -->        <\/div>\n                        <\/div>\n        <\/div>\n                        <div  data-lazy=\"1\" class=\"module_row themify_builder_row tb_5by7416 tf_w\">\n                        <div class=\"row_inner col_align_top tb_col_count_1 tf_box tf_rel\">\n                        <div  data-lazy=\"1\" class=\"module_column tb-column col-full tb_s2d3416 first\">\n                    <!-- module plain text -->\n<div  class=\"module module-plain-text tb_lk8q976 \" data-lazy=\"1\">\n        <div class=\"tb_text_wrap\">\n    <div data-vi-partner-id=\"P00083927\" data-vi-language=\"en\" data-vi-currency=\"EUR\" data-vi-partner-type=\"AFFILIATE\" data-vi-url=\"63145P75,313367P1,130768P14,139622P5,155534P9,59636P80,6956WALK,210563P12,210563P6\" data-vi-widget-ref=\"W-bb7572b3-a248-4c42-8f12-49796826f2d1\"><\/div>\n<script async=\"\" src=\"https:\/\/www.viator.com\/orion\/partner\/widget.js\"><\/script>    <\/div>\n<\/div>\n<!-- \/module plain text -->        <\/div>\n                        <\/div>\n        <\/div>\n                        <div  data-lazy=\"1\" class=\"module_row themify_builder_row tb_j0jy549 tf_w\">\n                        <div class=\"row_inner col_align_top tb_col_count_1 tf_box tf_rel\">\n                        <div  data-lazy=\"1\" class=\"module_column tb-column col-full tb_up5u549 first\">\n                    <!-- module text -->\n<div  class=\"module module-text tb_6n88352   \" data-lazy=\"1\">\n        <div  class=\"tb_text_wrap\">\n        <p><span style=\"font-weight: 400;\">En ce qui concerne les mus\u00e9es en particulier, je vous recommande ceux qui suivent :<\/span><\/p>    <\/div>\n<\/div>\n<!-- \/module text -->        <\/div>\n                        <\/div>\n        <\/div>\n                        <div  data-lazy=\"1\" class=\"module_row themify_builder_row tb_c9sh975 tf_w\">\n                        <div class=\"row_inner col_align_top tb_col_count_1 tf_box tf_rel\">\n                        <div  data-lazy=\"1\" class=\"module_column tb-column col-full tb_yb1y976 first\">\n                    <!-- module plain text -->\n<div  class=\"module module-plain-text tb_kuqp686 \" data-lazy=\"1\">\n        <div class=\"tb_text_wrap\">\n    <div data-musement-widget=\"WF5F46\"><\/div>\n<script async=\"async\" src=\"https:\/\/widget.musement.com\/bootstrap.js\" id=\"m_widget_script\" type=\"text\/javascript\"><\/script>    <\/div>\n<\/div>\n<!-- \/module plain text -->        <\/div>\n                        <\/div>\n        <\/div>\n                        <div  data-lazy=\"1\" class=\"module_row themify_builder_row tb_uw4c249 tf_w\">\n                        <div class=\"row_inner col_align_top tb_col_count_1 tf_box tf_rel\">\n                        <div  data-lazy=\"1\" class=\"module_column tb-column col-full tb_2s9j250 first\">\n                    <!-- module divider -->\n<div  class=\"module tf_mw module-divider tb_47d0250 solid   \" style=\"border-width: 2px;border-color: #ff0000;\" data-lazy=\"1\">\n    <\/div>\n<!-- \/module divider -->\n        <\/div>\n                        <\/div>\n        <\/div>\n        <\/div>\n<!--\/themify_builder_content--><p><\/p>","protected":false},"excerpt":{"rendered":"<p>L&rsquo;histoire La Gr\u00e8ce a une histoire de plus de 5 000 ans, class\u00e9e chronologiquement en p\u00e9riodes hell\u00e9nique et cycladique , archa\u00efque et classique, hell\u00e9nistique et romaine, byzantine et ottomane et enfin la R\u00e9publique hell\u00e9nique moderne et ind\u00e9pendante. Vous pourrez le constater dans les innombrables mus\u00e9es et les nombreuses curiosit\u00e9s. J&rsquo;ai s\u00e9lectionn\u00e9 quelques activit\u00e9s qui vous [&hellip;]<\/p>\n","protected":false},"author":2,"featured_media":0,"parent":0,"menu_order":0,"comment_status":"closed","ping_status":"closed","template":"","meta":{"footnotes":""},"class_list":["post-2146","page","type-page","status-publish","hentry","has-post-title","has-post-date","has-post-category","has-post-tag","has-post-comment","has-post-author",""],"builder_content":"<h1>L'histoire<br\/><\/h1>\n<p>La Gr\u00e8ce a une histoire de plus de 5 000 ans, class\u00e9e chronologiquement comme suit <b>Helladic <\/b>et <b>Cycladique <\/b>p\u00e9riodes, <b>Archa\u00efque <\/b>et <b style=\"color: #e8311f;\">Classique<\/b>, <b>Hell\u00e9nistique <\/b>et <b style=\"color: #e8311f;\">Romain<\/b>, <b>Byzantine <\/b>et <b>Ottoman <\/b>et, enfin, les pays ind\u00e9pendants modernes <b style=\"color: #e8311f;\">R\u00e9publique hell\u00e9nique<\/b>. <\/p> <p>Vous pouvez en t\u00e9moigner dans les innombrables<b> mus\u00e9es<\/b> et les nombreuses <b style=\"color: #e8311f;\">sites<\/b>. J'ai s\u00e9lectionn\u00e9 quelques activit\u00e9s qui vous permettront d'en voir le plus possible.<\/p> <p>Si vous souhaitez d\u00e9couvrir l'histoire, choisissez parmi les suggestions ci-dessous :<\/p> <p> <\/p>\n\n<p>En ce qui concerne les mus\u00e9es en particulier, je vous recommande ceux qui suivent :<\/p>\n\n","_links":{"self":[{"href":"https:\/\/wheretostayinathens.com\/fr\/wp-json\/wp\/v2\/pages\/2146","targetHints":{"allow":["GET"]}}],"collection":[{"href":"https:\/\/wheretostayinathens.com\/fr\/wp-json\/wp\/v2\/pages"}],"about":[{"href":"https:\/\/wheretostayinathens.com\/fr\/wp-json\/wp\/v2\/types\/page"}],"author":[{"embeddable":true,"href":"https:\/\/wheretostayinathens.com\/fr\/wp-json\/wp\/v2\/users\/2"}],"replies":[{"embeddable":true,"href":"https:\/\/wheretostayinathens.com\/fr\/wp-json\/wp\/v2\/comments?post=2146"}],"version-history":[{"count":3,"href":"https:\/\/wheretostayinathens.com\/fr\/wp-json\/wp\/v2\/pages\/2146\/revisions"}],"predecessor-version":[{"id":2159,"href":"https:\/\/wheretostayinathens.com\/fr\/wp-json\/wp\/v2\/pages\/2146\/revisions\/2159"}],"wp:attachment":[{"href":"https:\/\/wheretostayinathens.com\/fr\/wp-json\/wp\/v2\/media?parent=2146"}],"curies":[{"name":"wp","href":"https:\/\/api.w.org\/{rel}","templated":true}]}}