{"id":2442,"date":"2023-02-15T16:26:19","date_gmt":"2023-02-15T13:26:19","guid":{"rendered":"https:\/\/wheretostayinathens.com\/sicurezza\/"},"modified":"2025-01-29T15:34:22","modified_gmt":"2025-01-29T12:34:22","slug":"sicurezza","status":"publish","type":"page","link":"https:\/\/wheretostayinathens.com\/it\/sicurezza\/","title":{"rendered":"Sicurezza"},"content":{"rendered":"<!--themify_builder_content-->\n<div id=\"themify_builder_content-2442\" data-postid=\"2442\" class=\"themify_builder_content themify_builder_content-2442 themify_builder tf_clear\">\n                    <div  data-lazy=\"1\" class=\"module_row themify_builder_row tb_o4ay891 tb_first tf_w\">\n                        <div class=\"row_inner col_align_top tb_col_count_1 tf_box tf_rel\">\n                        <div  data-lazy=\"1\" class=\"module_column tb-column col-full tb_4tq0891 first\">\n                            <div  data-lazy=\"1\" class=\"module_subrow themify_builder_sub_row tf_w col_align_top tb_col_count_1 tb_qgzd410\">\n                <div  data-lazy=\"1\" class=\"module_column sub_column col-full tb_kcwb410 first\">\n                    <!-- module fancy heading -->\n<div  class=\"module module-fancy-heading tb_cr3z543 \" data-lazy=\"1\">\n        <h1 class=\"fancy-heading tf_textc\">\n    <span class=\"main-head tf_block\">\n                    Sicurezza            <\/span>\n\n    \n    <span class=\"sub-head tf_block tf_rel\">\n                                <\/span>\n    <\/h1>\n<\/div>\n<!-- \/module fancy heading -->\n        <\/div>\n                    <\/div>\n                <\/div>\n                        <\/div>\n        <\/div>\n                        <div  data-lazy=\"1\" class=\"module_row themify_builder_row tb_4p5d463 tf_w\">\n                        <div class=\"row_inner col_align_top tb_col_count_1 tf_box tf_rel\">\n                        <div  data-lazy=\"1\" class=\"module_column tb-column col-full tb_2exc464 first\">\n                            <div  data-lazy=\"1\" class=\"module_subrow themify_builder_sub_row tf_w col_align_top tb_col_count_1 tb_iw8a464\">\n                <div  data-lazy=\"1\" class=\"module_column sub_column col-full tb_6l52464 first\">\n                    <!-- module text -->\n<div  class=\"module module-text tb_trtn464   \" data-lazy=\"1\">\n        <div  class=\"tb_text_wrap\">\n        <p><span style=\"font-weight: 400;\">Come nella maggior parte dei luoghi del mondo, \u00e8 sempre meglio evitare di prendere un taxi a caso per strada. Pertanto, ti consiglio vivamente di   <\/span><b><span style=\"color: #e8311f;\">prenota il tuo ritiro in anticipo<\/span> <\/b><span style=\"font-weight: 400;\">utilizzando <\/span><a href=\"https:\/\/bnb.welcomepickups.com\/property_groups\/5545\/\"><b style=\"color: #e8311f;\">questo link<\/b><\/a><span style=\"font-weight: 400;\"> con tariffe molto competitive da parte di<\/span><a href=\"https:\/\/bnb.welcomepickups.com\/property_groups\/5545\/\"><span style=\"color: #e8311f;\"> Welcome Pickups<\/span><\/a> <b><span style=\"color: #e8311f;\">da\/per l&#8217;aeroporto, i porti e le stazioni degli autobus\/treni<\/span> <\/b><span style=\"font-weight: 400;\">di Atene <\/span> <\/p>\n<p> <\/p>\n<p><span style=\"font-weight: 400;\">In generale, Atene \u00e8 una grande citt\u00e0 con<\/span><b> <span style=\"color: #e8311f;\">pi\u00f9 di 4 milioni di<\/span><\/b><span style=\"font-weight: 400;\"> di persone che vivono qui.<\/span><\/p>\n<p><span style=\"font-weight: 400;\">La citt\u00e0 \u00e8 un<\/span><b> <span style=\"color: #e8311f;\">centro regionale<\/span> <\/b><span style=\"font-weight: 400;\">dell&#8217;Europa sudorientale e del Mediterraneo orientale e il suo porto, il Pireo, \u00e8 il pi\u00f9 grande del Mediterraneo.<\/span><\/p>\n<p><span style=\"font-weight: 400;\">Inoltre, \u00e8 il pi\u00f9 popolare <\/span><b style=\"color: #e8311f;\">di immigrazione e di rifugiati<\/b><span style=\"font-weight: 400;\"> provenienti dai paesi poveri dei Balcani, dell&#8217;Asia e dell&#8217;Africa, che desiderano trasferirsi nell&#8217;Unione Europea.<\/span><\/p>\n<p><span style=\"font-weight: 400;\">Inoltre, la Grecia non si \u00e8 ancora ripresa del tutto dalla <\/span><b style=\"color: #e8311f;\">crisi finanziaria globale del 2008<\/b><span style=\"font-weight: 400;\">.<\/span><\/p>\n<p> <\/p>\n<p><span style=\"font-weight: 400;\">Come risultato di tutto ci\u00f2, dato che Atene \u00e8 una destinazione turistica molto popolare. <\/span><b style=\"color: #e8311f;\">destinazione turistica molto popolare<\/b><span style=\"font-weight: 400;\">esiste un grave problema di PICK-POCKETING, che colpisce soprattutto i turisti.<\/span><\/p>\n<p><span style=\"font-weight: 400;\">Tieni presente che i malviventi sono molto abili nel prendere di mira portafogli, macchine fotografiche, cellulari e altri oggetti di valore, tuttavia se li tieni al sicuro (non negli zaini, nelle tasche posteriori, ecc.).<\/span><\/p>\n<p> <\/p>\n<p><span style=\"font-weight: 400;\">Suggerimento:<\/span><\/p>\n<p><span style=\"font-weight: 400;\">I greci sono molto disponibili ad aiutare gli stranieri. Tuttavia, solo se glielo chiedi, perch\u00e9 siamo di facili costumi e non ci piace essere spinti, quindi non spingiamo le persone. <\/span><\/p>\n<p><span style=\"font-weight: 400;\">Pertanto, una persona che \u00e8 insistente e importuna per aiutarti, \u00e8 piuttosto sospetta.  <\/span><\/p>\n<p> <\/p>\n<p><span style=\"font-weight: 400;\">Un consiglio in pi\u00f9:  <\/span><\/p>\n<p><span style=\"font-weight: 400;\">Se hai bisogno di depositare i tuoi bagagli, ti raccomando <\/span><a href=\"https:\/\/radicalstorage.com\/?acc=eddb904a6db773755d2857aacadb1cb0\"><span style=\"font-weight: 400;\">Deposito Radicale <\/span><\/a><span style=\"font-weight: 400;\">che puoi prenotare direttamente a questo link<\/span> <a href=\"https:\/\/radicalstorage.com\/luggage-storage\/athens?acc=eddb904a6db773755d2857aacadb1cb0\"><b>questo link<\/b><\/a><span style=\"font-weight: 400;\">.<\/span><\/p>    <\/div>\n<\/div>\n<!-- \/module text -->        <\/div>\n                    <\/div>\n                <\/div>\n                        <\/div>\n        <\/div>\n        <\/div>\n<!--\/themify_builder_content--><p><\/p>","protected":false},"excerpt":{"rendered":"<p>Sicurezza Come nella maggior parte dei luoghi del mondo, \u00e8 sempre meglio evitare di prendere un taxi a caso per strada. Per questo motivo, ti consiglio vivamente di prenotare il tuo pick-up in anticipo utilizzando questo link con tariffe molto competitive da parte di Welcome Pickups da\/per l&#8217;aeroporto, i porti e le stazioni degli autobus\/treni [&hellip;]<\/p>\n","protected":false},"author":2,"featured_media":0,"parent":0,"menu_order":0,"comment_status":"closed","ping_status":"closed","template":"","meta":{"footnotes":""},"class_list":["post-2442","page","type-page","status-publish","hentry","has-post-title","has-post-date","has-post-category","has-post-tag","has-post-comment","has-post-author",""],"builder_content":"<h1>Sicurezza<br\/><\/h1>\n<p>Come nella maggior parte dei luoghi del mondo, \u00e8 sempre meglio evitare di prendere un taxi a caso per strada. Pertanto, ti consiglio vivamente di <b>prenota il tuo ritiro in anticipo <\/b>utilizzando <a href=\"https:\/\/bnb.welcomepickups.com\/property_groups\/5545\/\"><b style=\"color: #e8311f;\">questo link<\/b><\/a> con tariffe molto competitive da parte di<a href=\"https:\/\/bnb.welcomepickups.com\/property_groups\/5545\/\"> Welcome Pickups<\/a> <b>da\/per l'aeroporto, i porti e le stazioni degli autobus\/treni <\/b>di Atene <\/p> <p> <\/p> <p>In generale, Atene \u00e8 una grande citt\u00e0 con<b> pi\u00f9 di 4 milioni di<\/b> di persone che vivono qui.<\/p> <p>La citt\u00e0 \u00e8 un<b> centro regionale <\/b>dell'Europa sudorientale e del Mediterraneo orientale e il suo porto, il Pireo, \u00e8 il pi\u00f9 grande del Mediterraneo.<\/p> <p>Inoltre, \u00e8 il pi\u00f9 popolare <b style=\"color: #e8311f;\">di immigrazione e di rifugiati<\/b> provenienti dai paesi poveri dei Balcani, dell'Asia e dell'Africa, che desiderano trasferirsi nell'Unione Europea.<\/p> <p>Inoltre, la Grecia non si \u00e8 ancora ripresa del tutto dalla <b style=\"color: #e8311f;\">crisi finanziaria globale del 2008<\/b>.<\/p> <p> <\/p> <p>Come risultato di tutto ci\u00f2, dato che Atene \u00e8 una destinazione turistica molto popolare. <b style=\"color: #e8311f;\">destinazione turistica molto popolare<\/b>esiste un grave problema di PICK-POCKETING, che colpisce soprattutto i turisti.<\/p> <p>Tieni presente che i malviventi sono molto abili nel prendere di mira portafogli, macchine fotografiche, cellulari e altri oggetti di valore, tuttavia se li tieni al sicuro (non negli zaini, nelle tasche posteriori, ecc.).<\/p> <p> <\/p> <p>Suggerimento:<\/p> <p>I greci sono molto disponibili ad aiutare gli stranieri. Tuttavia, solo se glielo chiedi, perch\u00e9 siamo di facili costumi e non ci piace essere spinti, quindi non spingiamo le persone. <\/p> <p>Pertanto, una persona che \u00e8 insistente e importuna per aiutarti, \u00e8 piuttosto sospetta. <\/p> <p> <\/p> <p>Un consiglio in pi\u00f9: <\/p> <p>Se hai bisogno di depositare i tuoi bagagli, ti raccomando <a href=\"https:\/\/radicalstorage.com\/?acc=eddb904a6db773755d2857aacadb1cb0\">Deposito Radicale <\/a>che puoi prenotare direttamente a questo link <a href=\"https:\/\/radicalstorage.com\/luggage-storage\/athens?acc=eddb904a6db773755d2857aacadb1cb0\"><b>questo link<\/b><\/a>.<\/p>","_links":{"self":[{"href":"https:\/\/wheretostayinathens.com\/it\/wp-json\/wp\/v2\/pages\/2442","targetHints":{"allow":["GET"]}}],"collection":[{"href":"https:\/\/wheretostayinathens.com\/it\/wp-json\/wp\/v2\/pages"}],"about":[{"href":"https:\/\/wheretostayinathens.com\/it\/wp-json\/wp\/v2\/types\/page"}],"author":[{"embeddable":true,"href":"https:\/\/wheretostayinathens.com\/it\/wp-json\/wp\/v2\/users\/2"}],"replies":[{"embeddable":true,"href":"https:\/\/wheretostayinathens.com\/it\/wp-json\/wp\/v2\/comments?post=2442"}],"version-history":[{"count":12,"href":"https:\/\/wheretostayinathens.com\/it\/wp-json\/wp\/v2\/pages\/2442\/revisions"}],"predecessor-version":[{"id":2514,"href":"https:\/\/wheretostayinathens.com\/it\/wp-json\/wp\/v2\/pages\/2442\/revisions\/2514"}],"wp:attachment":[{"href":"https:\/\/wheretostayinathens.com\/it\/wp-json\/wp\/v2\/media?parent=2442"}],"curies":[{"name":"wp","href":"https:\/\/api.w.org\/{rel}","templated":true}]}}