{"id":2476,"date":"2023-02-16T11:51:32","date_gmt":"2023-02-16T08:51:32","guid":{"rendered":"https:\/\/wheretostayinathens.com\/vita-notturna\/"},"modified":"2025-01-29T15:34:22","modified_gmt":"2025-01-29T12:34:22","slug":"vita-notturna","status":"publish","type":"page","link":"https:\/\/wheretostayinathens.com\/it\/vita-notturna\/","title":{"rendered":"Vita notturna"},"content":{"rendered":"<!--themify_builder_content-->\n<div id=\"themify_builder_content-2476\" data-postid=\"2476\" class=\"themify_builder_content themify_builder_content-2476 themify_builder tf_clear\">\n                    <div  data-lazy=\"1\" class=\"module_row themify_builder_row tb_hmnw354 tb_first tf_w\">\n                        <div class=\"row_inner col_align_top tb_col_count_1 tf_box tf_rel\">\n                        <div  data-lazy=\"1\" class=\"module_column tb-column col-full tb_ygjy355 first\">\n                    <!-- module fancy heading -->\n<div  class=\"module module-fancy-heading tb_bu0b467 \" data-lazy=\"1\">\n        <h1 class=\"fancy-heading\">\n    <span class=\"main-head tf_block\">\n                    Vita notturna              <\/span>\n\n    \n    <span class=\"sub-head tf_block tf_rel\">\n                                <\/span>\n    <\/h1>\n<\/div>\n<!-- \/module fancy heading -->\n        <\/div>\n                        <\/div>\n        <\/div>\n                        <div  data-lazy=\"1\" class=\"module_row themify_builder_row tb_yv04719 tf_w\">\n                        <div class=\"row_inner col_align_top tb_col_count_1 tf_box tf_rel\">\n                        <div  data-lazy=\"1\" class=\"module_column tb-column col-full tb_ab1g720 first\">\n                    <!-- module text -->\n<div  class=\"module module-text tb_uvyh393   \" data-lazy=\"1\">\n        <div  class=\"tb_text_wrap\">\n        <p><span style=\"font-weight: 400;\">La vita notturna di Atene \u00e8 pluralista e offre molte scelte ai suoi abitanti e ai suoi ospiti. Ci sono molti bar, ristoranti e caff\u00e8 (di solito la combinazione di tutti e tre), soprattutto nelle zone di   <\/span><b><span style=\"color: #e8311f;\">Psyrri<\/span> <\/b><span style=\"font-weight: 400;\">(forse la scelta migliore),  <\/span><b><span style=\"color: #e8311f;\">Plaka<\/span> <\/b><span style=\"font-weight: 400;\">(la citt\u00e0 vecchia),  <\/span><b><span style=\"color: #e8311f;\">Gazi<\/span> <\/b><span style=\"font-weight: 400;\">(per lo pi\u00f9 mainstream),  <\/span><b><span style=\"color: #e8311f;\">Esarchia<\/span> <\/b><span style=\"font-weight: 400;\">(alternativa come hub anarchico),  <\/span><b><span style=\"color: #e8311f;\">Kolonaki<\/span> <\/b><span style=\"font-weight: 400;\">(la zona pi\u00f9 elegante), e in generale le aree intorno alle piazze di  <\/span><b style=\"color: #e8311f;\">Monastiraki<\/b><span style=\"font-weight: 400;\">,  <\/span><b><span style=\"color: #e8311f;\">Sintagma<\/span> <\/b><span style=\"font-weight: 400;\">e  <\/span><span style=\"color: #e8311f;\"><b>Agia Irini<\/b><span style=\"font-weight: 400;\">.<\/span><\/span><\/p>\n<p><span style=\"font-weight: 400;\">Si tratta di aree con numerosi luoghi da visitare e tutti raggiungibili a piedi dai nostri appartamenti. <\/span><a href=\"https:\/\/wheretostayinathens.com\/it\/appartamenti\/\"><span style=\"font-weight: 400;\">appartamenti<\/span><\/a><span style=\"font-weight: 400;\">!<\/span><\/p>\n<p><span style=\"font-weight: 400;\">Ci sono anche ottime opzioni per il mare a  <\/span><b style=\"color: #e8311f;\">Glyfada<\/b><span style=\"font-weight: 400;\">, Marina  <\/span><b style=\"color: #e8311f;\">Flisvos<\/b><span style=\"font-weight: 400;\">,  <\/span><b><span style=\"color: #e8311f;\">Mikrolimano<\/span> <\/b><span style=\"font-weight: 400;\">Marina  <\/span><b style=\"color: #e8311f;\">Zeas<\/b><span style=\"font-weight: 400;\">, oltre ad altre opzioni come in  <\/span><b style=\"color: #e8311f;\">Chalandri<\/b><span style=\"font-weight: 400;\">,  <\/span><b style=\"color: #e8311f;\">Kifissia<\/b><span style=\"font-weight: 400;\">,  <\/span><b><span style=\"color: #e8311f;\">Nea<\/span> <span style=\"color: #e8311f;\">Smyrni<\/span><\/b> <span style=\"font-weight: 400;\"> e <\/span><b style=\"color: #e8311f;\">Peristeri<\/b><span style=\"font-weight: 400;\">la maggior parte di essi sono facilmente raggiungibili con la metropolitana dai nostri appartamenti.<\/span><\/p>\n<p><span style=\"font-weight: 400;\">Ovunque tu decida di andare, non tralasciare di degustare <\/span><b><span style=\"color: #e8311f;\">cocktail<\/span> <\/b><span style=\"font-weight: 400;\">che contengono <\/span><b style=\"color: #e8311f;\">ingredienti greci<\/b><span style=\"font-weight: 400;\">come il mastice, di cui ho parlato nella pagina con i <\/span><a href=\"https:\/\/wheretostayinathens.com\/it\/suggerimenti-e-consigli\/\"><span style=\"font-weight: 400;\">Suggerimenti e consigli<\/span><\/a><span style=\"font-weight: 400;\">e sicuramente la grande variet\u00e0 di meravigliosi vini greci <\/span><b style=\"color: #e8311f;\">vini greci<\/b><span style=\"font-weight: 400;\">.<\/span><\/p>\n<p><span style=\"font-weight: 400;\">Tieni presente che quasi tutti i trasporti pubblici non funzionano dopo la mezzanotte.<\/span><\/p>\n<p><span style=\"font-weight: 400;\">Ci sono alcuni suggerimenti che puoi prenotare per avere notti ancora pi\u00f9 belle!<\/span><\/p>    <\/div>\n<\/div>\n<!-- \/module text -->        <\/div>\n                        <\/div>\n        <\/div>\n                        <div  data-lazy=\"1\" class=\"module_row themify_builder_row tb_d70e275 tf_w\">\n                        <div class=\"row_inner col_align_top tb_col_count_1 tf_box tf_rel\">\n                        <div  data-lazy=\"1\" class=\"module_column tb-column col-full tb_2alm275 first\">\n                    <!-- module plain text -->\n<div  class=\"module module-plain-text tb_8car503 \" data-lazy=\"1\">\n        <div class=\"tb_text_wrap\">\n    <div data-gyg-href=\"https:\/\/widget.getyourguide.com\/default\/activities.frame\" data-gyg-locale-code=\"en-US\" data-gyg-widget=\"activities\" data-gyg-number-of-items=\"4\" data-gyg-partner-id=\"CJYYLB6\" data-gyg-tour-ids=\"191690,185958,18859,129420\"><\/div>    <\/div>\n<\/div>\n<!-- \/module plain text -->        <\/div>\n                        <\/div>\n        <\/div>\n                        <div  data-lazy=\"1\" class=\"module_row themify_builder_row tb_s6wm445 tf_w\">\n                        <div class=\"row_inner col_align_top tb_col_count_1 tf_box tf_rel\">\n                        <div  data-lazy=\"1\" class=\"module_column tb-column col-full tb_7q52446 first\">\n                    <!-- module plain text -->\n<div  class=\"module module-plain-text tb_yda673 \" data-lazy=\"1\">\n        <div class=\"tb_text_wrap\">\n    <div data-gyg-href=\"https:\/\/widget.getyourguide.com\/default\/activities.frame\" data-gyg-locale-code=\"en-US\" data-gyg-widget=\"activities\" data-gyg-number-of-items=\"4\" data-gyg-partner-id=\"CJYYLB6\" data-gyg-tour-ids=\"147096,430669,104699,431536\"><\/div>    <\/div>\n<\/div>\n<!-- \/module plain text -->        <\/div>\n                        <\/div>\n        <\/div>\n                        <div  data-lazy=\"1\" class=\"module_row themify_builder_row tb_mzvw567 tf_w\">\n                        <div class=\"row_inner col_align_top tb_col_count_1 tf_box tf_rel\">\n                        <div  data-lazy=\"1\" class=\"module_column tb-column col-full tb_2j8g568 first\">\n                    <!-- module divider -->\n<div  class=\"module tf_mw module-divider tb_7g7t568 solid   \" style=\"border-width: 2px;border-color: #ff0000;\" data-lazy=\"1\">\n    <\/div>\n<!-- \/module divider -->\n        <\/div>\n                        <\/div>\n        <\/div>\n        <\/div>\n<!--\/themify_builder_content--><p><\/p>","protected":false},"excerpt":{"rendered":"<p>Vita notturna La vita notturna di Atene \u00e8 pluralista e offre molte scelte ai suoi abitanti e ai suoi ospiti. Ci sono molti bar, ristoranti e caff\u00e8 (di solito la combinazione di tutti e tre), soprattutto nelle zone di Psyrri (forse la scelta migliore), Plaka (la citt\u00e0 vecchia), Gazi (per lo pi\u00f9 mainstream), Exarchia (alternativa [&hellip;]<\/p>\n","protected":false},"author":2,"featured_media":0,"parent":0,"menu_order":0,"comment_status":"closed","ping_status":"closed","template":"","meta":{"footnotes":""},"class_list":["post-2476","page","type-page","status-publish","hentry","has-post-title","has-post-date","has-post-category","has-post-tag","has-post-comment","has-post-author",""],"builder_content":"<h1>Vita notturna <br\/><\/h1>\n<p>La vita notturna di Atene \u00e8 pluralista e offre molte scelte ai suoi abitanti e ai suoi ospiti. Ci sono molti bar, ristoranti e caff\u00e8 (di solito la combinazione di tutti e tre), soprattutto nelle zone di <b>Psyrri <\/b>(forse la scelta migliore), <b>Plaka <\/b>(la citt\u00e0 vecchia), <b>Gazi <\/b>(per lo pi\u00f9 mainstream), <b>Esarchia <\/b>(alternativa come hub anarchico), <b>Kolonaki <\/b>(la zona pi\u00f9 elegante), e in generale le aree intorno alle piazze di <b style=\"color: #e8311f;\">Monastiraki<\/b>, <b>Sintagma <\/b>e <b>Agia Irini<\/b>.<\/p> <p>Si tratta di aree con numerosi luoghi da visitare e tutti raggiungibili a piedi dai nostri appartamenti. <a href=\"https:\/\/wheretostayinathens.com\/it\/appartamenti\/\">appartamenti<\/a>!<\/p> <p>Ci sono anche ottime opzioni per il mare a <b style=\"color: #e8311f;\">Glyfada<\/b>, Marina <b style=\"color: #e8311f;\">Flisvos<\/b>, <b>Mikrolimano <\/b>Marina <b style=\"color: #e8311f;\">Zeas<\/b>, oltre ad altre opzioni come in <b style=\"color: #e8311f;\">Chalandri<\/b>, <b style=\"color: #e8311f;\">Kifissia<\/b>, <b>Nea Smyrni<\/b> e <b style=\"color: #e8311f;\">Peristeri<\/b>la maggior parte di essi sono facilmente raggiungibili con la metropolitana dai nostri appartamenti.<\/p> <p>Ovunque tu decida di andare, non tralasciare di degustare <b>cocktail <\/b>che contengono <b style=\"color: #e8311f;\">ingredienti greci<\/b>come il mastice, di cui ho parlato nella pagina con i <a href=\"https:\/\/wheretostayinathens.com\/it\/suggerimenti-e-consigli\/\">Suggerimenti e consigli<\/a>e sicuramente la grande variet\u00e0 di meravigliosi vini greci <b style=\"color: #e8311f;\">vini greci<\/b>.<\/p> <p>Tieni presente che quasi tutti i trasporti pubblici non funzionano dopo la mezzanotte.<\/p> <p>Ci sono alcuni suggerimenti che puoi prenotare per avere notti ancora pi\u00f9 belle!<\/p>\n\n\n","_links":{"self":[{"href":"https:\/\/wheretostayinathens.com\/it\/wp-json\/wp\/v2\/pages\/2476","targetHints":{"allow":["GET"]}}],"collection":[{"href":"https:\/\/wheretostayinathens.com\/it\/wp-json\/wp\/v2\/pages"}],"about":[{"href":"https:\/\/wheretostayinathens.com\/it\/wp-json\/wp\/v2\/types\/page"}],"author":[{"embeddable":true,"href":"https:\/\/wheretostayinathens.com\/it\/wp-json\/wp\/v2\/users\/2"}],"replies":[{"embeddable":true,"href":"https:\/\/wheretostayinathens.com\/it\/wp-json\/wp\/v2\/comments?post=2476"}],"version-history":[{"count":6,"href":"https:\/\/wheretostayinathens.com\/it\/wp-json\/wp\/v2\/pages\/2476\/revisions"}],"predecessor-version":[{"id":2516,"href":"https:\/\/wheretostayinathens.com\/it\/wp-json\/wp\/v2\/pages\/2476\/revisions\/2516"}],"wp:attachment":[{"href":"https:\/\/wheretostayinathens.com\/it\/wp-json\/wp\/v2\/media?parent=2476"}],"curies":[{"name":"wp","href":"https:\/\/api.w.org\/{rel}","templated":true}]}}